{"id":581,"date":"2019-10-05T00:04:35","date_gmt":"2019-10-04T22:04:35","guid":{"rendered":"https:\/\/magicom.biz\/fr\/?page_id=581"},"modified":"2022-08-10T14:08:15","modified_gmt":"2022-08-10T12:08:15","slug":"affiches-show-tout-public","status":"publish","type":"page","link":"https:\/\/magicom.biz\/fr\/index.php\/affiches-show-tout-public\/","title":{"rendered":"Affiches shows tout public"},"content":{"rendered":"<p><strong>Affiches de SHOWS TOUT PUBLIC, \u00e0 partir de 5 ans.<\/strong><\/p>\n<p>La structure de ces shows (Visuels et Tableaux Comiques avec forte participation interactive de spectateurs, et\/ou d&rsquo;enfants, sur sc\u00e8ne) entra\u00eene une attention soutenue du public, ADULTES ET ENFANTS, pendant toute la dur\u00e9e du show (1H \u00e0 1H15 en g\u00e9n\u00e9ral).<\/p>\n","protected":false},"excerpt":{"rendered":"<p>Affiches de SHOWS TOUT PUBLIC, \u00e0 partir de 5 ans. La structure de ces shows (Visuels et Tableaux Comiques avec forte participation interactive de spectateurs, et\/ou d&rsquo;enfants, sur sc\u00e8ne) entra\u00eene une attention soutenue du public, ADULTES ET ENFANTS, pendant toute la dur\u00e9e du show (1H \u00e0 1H15 en g\u00e9n\u00e9ral).<\/p>\n","protected":false},"author":1,"featured_media":0,"parent":0,"menu_order":0,"comment_status":"closed","ping_status":"closed","template":"","meta":{"ngg_post_thumbnail":0,"footnotes":""},"class_list":["post-581","page","type-page","status-publish","hentry"],"jetpack_sharing_enabled":true,"_links":{"self":[{"href":"https:\/\/magicom.biz\/fr\/index.php\/wp-json\/wp\/v2\/pages\/581","targetHints":{"allow":["GET"]}}],"collection":[{"href":"https:\/\/magicom.biz\/fr\/index.php\/wp-json\/wp\/v2\/pages"}],"about":[{"href":"https:\/\/magicom.biz\/fr\/index.php\/wp-json\/wp\/v2\/types\/page"}],"author":[{"embeddable":true,"href":"https:\/\/magicom.biz\/fr\/index.php\/wp-json\/wp\/v2\/users\/1"}],"replies":[{"embeddable":true,"href":"https:\/\/magicom.biz\/fr\/index.php\/wp-json\/wp\/v2\/comments?post=581"}],"version-history":[{"count":5,"href":"https:\/\/magicom.biz\/fr\/index.php\/wp-json\/wp\/v2\/pages\/581\/revisions"}],"predecessor-version":[{"id":697,"href":"https:\/\/magicom.biz\/fr\/index.php\/wp-json\/wp\/v2\/pages\/581\/revisions\/697"}],"wp:attachment":[{"href":"https:\/\/magicom.biz\/fr\/index.php\/wp-json\/wp\/v2\/media?parent=581"}],"curies":[{"name":"wp","href":"https:\/\/api.w.org\/{rel}","templated":true}]}}