{"id":578,"date":"2019-10-05T00:04:05","date_gmt":"2019-10-04T22:04:05","guid":{"rendered":"https:\/\/magicom.biz\/fr\/?page_id=578"},"modified":"2019-10-16T15:11:08","modified_gmt":"2019-10-16T13:11:08","slug":"photos","status":"publish","type":"page","link":"https:\/\/magicom.biz\/fr\/index.php\/photos\/","title":{"rendered":"Photos"},"content":{"rendered":"ngg_shortcode_0_placeholder\n<p><span style=\"font-size: 18pt;\"><strong>Photos de Show au Casino de Monaco (rang\u00e9es 1 \u00e0 3) suivies de Conf\u00e9rence sur T\u00e9l\u00e9pathie (derni\u00e8re rang\u00e9e et suivantes page 2)<br \/>\n<\/strong><\/span><\/p>\n<p><strong><span style=\"font-size: 18pt;\">Voir autres photos dans les onglets de la rubrique photos.<\/span><\/strong><\/p>\n<p>&nbsp;<\/p>\n<p>&nbsp;<\/p>\n","protected":false},"excerpt":{"rendered":"<p>&nbsp; Photos de Show au Casino de Monaco (rang\u00e9es 1 \u00e0 3) suivies de Conf\u00e9rence sur T\u00e9l\u00e9pathie (derni\u00e8re rang\u00e9e et suivantes page 2) Voir autres photos dans les onglets de la rubrique photos. &nbsp; &nbsp;<\/p>\n","protected":false},"author":1,"featured_media":0,"parent":0,"menu_order":0,"comment_status":"closed","ping_status":"closed","template":"","meta":{"ngg_post_thumbnail":0,"footnotes":""},"class_list":["post-578","page","type-page","status-publish","hentry"],"jetpack_sharing_enabled":true,"_links":{"self":[{"href":"https:\/\/magicom.biz\/fr\/index.php\/wp-json\/wp\/v2\/pages\/578","targetHints":{"allow":["GET"]}}],"collection":[{"href":"https:\/\/magicom.biz\/fr\/index.php\/wp-json\/wp\/v2\/pages"}],"about":[{"href":"https:\/\/magicom.biz\/fr\/index.php\/wp-json\/wp\/v2\/types\/page"}],"author":[{"embeddable":true,"href":"https:\/\/magicom.biz\/fr\/index.php\/wp-json\/wp\/v2\/users\/1"}],"replies":[{"embeddable":true,"href":"https:\/\/magicom.biz\/fr\/index.php\/wp-json\/wp\/v2\/comments?post=578"}],"version-history":[{"count":20,"href":"https:\/\/magicom.biz\/fr\/index.php\/wp-json\/wp\/v2\/pages\/578\/revisions"}],"predecessor-version":[{"id":1164,"href":"https:\/\/magicom.biz\/fr\/index.php\/wp-json\/wp\/v2\/pages\/578\/revisions\/1164"}],"wp:attachment":[{"href":"https:\/\/magicom.biz\/fr\/index.php\/wp-json\/wp\/v2\/media?parent=578"}],"curies":[{"name":"wp","href":"https:\/\/api.w.org\/{rel}","templated":true}]}}