{"id":208,"date":"2019-10-03T10:09:11","date_gmt":"2019-10-03T08:09:11","guid":{"rendered":"https:\/\/magicom.biz\/fr\/?page_id=208"},"modified":"2020-05-03T23:55:04","modified_gmt":"2020-05-03T21:55:04","slug":"theatre","status":"publish","type":"page","link":"https:\/\/magicom.biz\/fr\/index.php\/theatre\/","title":{"rendered":"Th\u00e9\u00e2tre"},"content":{"rendered":"\t\t<div data-elementor-type=\"wp-page\" data-elementor-id=\"208\" class=\"elementor elementor-208\">\n\t\t\t\t\t\t<div class=\"elementor-inner\">\n\t\t\t\t<div class=\"elementor-section-wrap\">\n\t\t\t\t\t\t\t\t\t<section class=\"has_eae_slider elementor-section elementor-top-section elementor-element elementor-element-5542c807 elementor-section-boxed elementor-section-height-default elementor-section-height-default\" data-eae-slider=\"29983\" data-id=\"5542c807\" data-element_type=\"section\">\n\t\t\t\t\t\t<div class=\"elementor-container elementor-column-gap-default\">\n\t\t\t\t\t\t\t<div class=\"elementor-row\">\n\t\t\t\t\t<div class=\"has_eae_slider elementor-column elementor-col-66 elementor-top-column elementor-element elementor-element-1845cf62\" data-eae-slider=\"14011\" data-id=\"1845cf62\" data-element_type=\"column\">\n\t\t\t<div class=\"elementor-column-wrap elementor-element-populated\">\n\t\t\t\t\t\t\t<div class=\"elementor-widget-wrap\">\n\t\t\t\t\t\t<div class=\"elementor-element elementor-element-5e4b3626 elementor-widget elementor-widget-text-editor\" data-id=\"5e4b3626\" data-element_type=\"widget\" data-widget_type=\"text-editor.default\">\n\t\t\t\t<div class=\"elementor-widget-container\">\n\t\t\t\t\t\t\t\t<div class=\"elementor-text-editor elementor-clearfix\">\n\t\t\t\t<ul><li style=\"text-indent: -24px;\"><span style=\"font-family: Comic Sans MS;\"><span style=\"font-size: 13.3333px;\"><b>QUELQUES EXTRAITS DE SPECTACLE sur GRANDES S\u00c7ENES.<\/b><\/span><\/span><\/li><li style=\"text-indent: -24px;\"><b style=\"font-size: 13.3333px; font-family: 'Comic Sans MS';\">\u00a0 \u00a0 Th\u00e9\u00e2tre de FOIX, Sc\u00e8ne Nationale, L\u2019Estive<\/b><\/li><li style=\"text-indent: -24px;\"><b style=\"font-size: 13.3333px; font-family: 'Comic Sans MS';\">\u00a0 \u00a0 PASINO d\u2019Aix en Provence<\/b><\/li><li style=\"text-indent: -24px;\"><b style=\"font-size: 13.3333px; font-family: 'Comic Sans MS';\">\u00a0 \u00a0 Th\u00e9\u00e2tre LE FORUM, Station les Karellis, Savoie<\/b><\/li><\/ul><p><style>\n<!-- \/* Font Definitions *\/ @font-face {font-family:Wingdings; panose-1:5 0 0 0 0 0 0 0 0 0; mso-font-charset:2; mso-generic-font-family:decorative; mso-font-pitch:variable; mso-font-signature:0 268435456 0 0 -2147483648 0;} @font-face {font-family:\"Cambria Math\"; panose-1:2 4 5 3 5 4 6 3 2 4; mso-font-charset:0; mso-generic-font-family:roman; mso-font-pitch:variable; mso-font-signature:-536870145 1107305727 0 0 415 0;} @font-face {font-family:\"Comic Sans MS\"; panose-1:3 15 7 2 3 3 2 2 2 4; mso-font-charset:0; mso-generic-font-family:script; mso-font-pitch:variable; mso-font-signature:647 0 0 0 159 0;} \/* Style Definitions *\/ p.MsoNormal, li.MsoNormal, div.MsoNormal {mso-style-unhide:no; mso-style-qformat:yes; mso-style-parent:\"\"; margin:0cm; margin-bottom:.0001pt; mso-pagination:widow-orphan; font-size:12.0pt; font-family:\"Times New Roman\",serif; mso-fareast-font-family:\"Times New Roman\";} p.MsoListParagraph, li.MsoListParagraph, div.MsoListParagraph {mso-style-priority:34; mso-style-unhide:no; mso-style-qformat:yes; margin-top:0cm; margin-right:0cm; margin-bottom:0cm; margin-left:36.0pt; margin-bottom:.0001pt; mso-add-space:auto; mso-pagination:widow-orphan; font-size:12.0pt; font-family:\"Times New Roman\",serif; mso-fareast-font-family:\"Times New Roman\";} p.MsoListParagraphCxSpFirst, li.MsoListParagraphCxSpFirst, div.MsoListParagraphCxSpFirst {mso-style-priority:34; mso-style-unhide:no; mso-style-qformat:yes; mso-style-type:export-only; margin-top:0cm; margin-right:0cm; margin-bottom:0cm; margin-left:36.0pt; margin-bottom:.0001pt; mso-add-space:auto; mso-pagination:widow-orphan; font-size:12.0pt; font-family:\"Times New Roman\",serif; mso-fareast-font-family:\"Times New Roman\";} p.MsoListParagraphCxSpMiddle, li.MsoListParagraphCxSpMiddle, div.MsoListParagraphCxSpMiddle {mso-style-priority:34; mso-style-unhide:no; mso-style-qformat:yes; mso-style-type:export-only; margin-top:0cm; margin-right:0cm; margin-bottom:0cm; margin-left:36.0pt; margin-bottom:.0001pt; mso-add-space:auto; mso-pagination:widow-orphan; font-size:12.0pt; font-family:\"Times New Roman\",serif; mso-fareast-font-family:\"Times New Roman\";} p.MsoListParagraphCxSpLast, li.MsoListParagraphCxSpLast, div.MsoListParagraphCxSpLast {mso-style-priority:34; mso-style-unhide:no; mso-style-qformat:yes; mso-style-type:export-only; margin-top:0cm; margin-right:0cm; margin-bottom:0cm; margin-left:36.0pt; margin-bottom:.0001pt; mso-add-space:auto; mso-pagination:widow-orphan; font-size:12.0pt; font-family:\"Times New Roman\",serif; mso-fareast-font-family:\"Times New Roman\";} .MsoChpDefault {mso-style-type:export-only; mso-default-props:yes; font-family:\"Calibri\",sans-serif; mso-ascii-font-family:Calibri; mso-ascii-theme-font:minor-latin; mso-fareast-font-family:Calibri; mso-fareast-theme-font:minor-latin; mso-hansi-font-family:Calibri; mso-hansi-theme-font:minor-latin; mso-bidi-font-family:\"Times New Roman\"; mso-bidi-theme-font:minor-bidi; mso-fareast-language:EN-US;} @page WordSection1 {size:612.0pt 792.0pt; margin:70.85pt 70.85pt 70.85pt 70.85pt; mso-header-margin:36.0pt; mso-footer-margin:36.0pt; mso-paper-source:0;} div.WordSection1 {page:WordSection1;} \/* List Definitions *\/ @list l0 {mso-list-id:1226909808; mso-list-type:hybrid; mso-list-template-ids:-1191272676 -1737984236 67895299 67895301 67895297 67895299 67895301 67895297 67895299 67895301;} @list l0:level1 {mso-level-start-at:2; mso-level-number-format:bullet; mso-level-text:-; mso-level-tab-stop:none; mso-level-number-position:left; text-indent:-18.0pt; mso-ansi-font-size:10.0pt; font-family:\"Comic Sans MS\"; mso-fareast-font-family:\"Times New Roman\"; mso-bidi-font-family:\"Times New Roman\"; mso-ansi-font-weight:bold;} @list l0:level2 {mso-level-number-format:bullet; mso-level-text:o; mso-level-tab-stop:none; mso-level-number-position:left; text-indent:-18.0pt; font-family:\"Courier New\";} @list l0:level3 {mso-level-number-format:bullet; mso-level-text:\uf0a7; mso-level-tab-stop:none; mso-level-number-position:left; text-indent:-18.0pt; font-family:Wingdings;} @list l0:level4 {mso-level-number-format:bullet; mso-level-text:\uf0b7; mso-level-tab-stop:none; mso-level-number-position:left; text-indent:-18.0pt; font-family:Symbol;} @list l0:level5 {mso-level-number-format:bullet; mso-level-text:o; mso-level-tab-stop:none; mso-level-number-position:left; text-indent:-18.0pt; font-family:\"Courier New\";} @list l0:level6 {mso-level-number-format:bullet; mso-level-text:\uf0a7; mso-level-tab-stop:none; mso-level-number-position:left; text-indent:-18.0pt; font-family:Wingdings;} @list l0:level7 {mso-level-number-format:bullet; mso-level-text:\uf0b7; mso-level-tab-stop:none; mso-level-number-position:left; text-indent:-18.0pt; font-family:Symbol;} @list l0:level8 {mso-level-number-format:bullet; mso-level-text:o; mso-level-tab-stop:none; mso-level-number-position:left; text-indent:-18.0pt; font-family:\"Courier New\";} @list l0:level9 {mso-level-number-format:bullet; mso-level-text:\uf0a7; mso-level-tab-stop:none; mso-level-number-position:left; text-indent:-18.0pt; font-family:Wingdings;} ol {margin-bottom:0cm;} ul {margin-bottom:0cm;} --><br \/><\/style><\/p>\t\t\t\t\t<\/div>\n\t\t\t\t\t\t<\/div>\n\t\t\t\t<\/div>\n\t\t\t\t\t\t<\/div>\n\t\t\t\t\t<\/div>\n\t\t<\/div>\n\t\t\t\t<div class=\"has_eae_slider elementor-column elementor-col-33 elementor-top-column elementor-element elementor-element-5b4dd494\" data-eae-slider=\"4483\" data-id=\"5b4dd494\" data-element_type=\"column\">\n\t\t\t<div class=\"elementor-column-wrap elementor-element-populated\">\n\t\t\t\t\t\t\t<div class=\"elementor-widget-wrap\">\n\t\t\t\t\t\t<div class=\"elementor-element elementor-element-76c4fd81 elementor-widget elementor-widget-wts-postlist\" data-id=\"76c4fd81\" data-element_type=\"widget\" data-widget_type=\"wts-postlist.default\">\n\t\t\t\t<div class=\"elementor-widget-container\">\n\t\t\t\t\t\t<div class=\"wts-eae-pl-wrapper\">\n\t\t\t\t\t\t\t\t\t\t<ul>\n\t\t\t\t\t\t\t\t\t\t\t\t\t\t<li>\n\t\t\t\t\t\t\t\t\t\t\t\t\t\t\t\t\t\t\t\t\t\t\t<div class=\"eae-pl-content-box-wrapper\">\n\n\t\t\t\t\t\t\t\t\t\t\t\t\t\t\t\t\t\t\t<h3 class=\"eae-pl-title\"><a href=\"https:\/\/magicom.biz\/fr\/index.php\/2020\/11\/22\/voyage-virtuel-show-mentalisme-participatif-distancie-dr-valentin-magicom\/\" title=\"\u00ab\u00a0VOYAGE VIRTUEL\u00a0\u00bb &#8211; SHOW MENTALISME pour Congr\u00e8s CNRS \u00ab\u00a0ECO-COMPLEX 2020\u00a0\u00bb\">\u00ab\u00a0VOYAGE VIRTUEL\u00a0\u00bb &#8211; SHOW MENTALISME pour Congr\u00e8s CNRS \u00ab\u00a0ECO-COMPLEX 2020\u00a0\u00bb<\/a><\/h3>\n\t\t\t\t\t\t\t\t\t\n\t\t\t\t\t\t\t\t\t\n\t\t\t\t\t\t\t\t\t\t\t\t\t\t\t\t\t\t<\/div>\n\t\t\t\t\t\t\t\t<\/li>\n\t\t\t\t\t\t\t\t\t\t\t\t\t\t\t<li>\n\t\t\t\t\t\t\t\t\t\t\t\t\t\t\t\t\t\t\t\t\t\t\t<div class=\"eae-pl-content-box-wrapper\">\n\n\t\t\t\t\t\t\t\t\t\t\t\t\t\t\t\t\t\t\t<h3 class=\"eae-pl-title\"><a href=\"https:\/\/magicom.biz\/fr\/index.php\/2020\/11\/22\/dr-valentin-magicom-ventriloquie-mentalisme-extrait-du-valentin-magic-chaud\/\" title=\"Dr Valentin Magicom- VENTRILOQUIE-MENTALISME &#8211; extrait du \u00ab\u00a0VALENTIN MAGIC CHAUD\u00a0\u00bb\">Dr Valentin Magicom- VENTRILOQUIE-MENTALISME &#8211; extrait du \u00ab\u00a0VALENTIN MAGIC CHAUD\u00a0\u00bb<\/a><\/h3>\n\t\t\t\t\t\t\t\t\t\n\t\t\t\t\t\t\t\t\t\n\t\t\t\t\t\t\t\t\t\t\t\t\t\t\t\t\t\t<\/div>\n\t\t\t\t\t\t\t\t<\/li>\n\t\t\t\t\t\t\t\t\t\t\t\t\t\t\t<li>\n\t\t\t\t\t\t\t\t\t\t\t\t\t\t\t\t\t\t\t\t\t\t\t<div class=\"eae-pl-content-box-wrapper\">\n\n\t\t\t\t\t\t\t\t\t\t\t\t\t\t\t\t\t\t\t<h3 class=\"eae-pl-title\"><a href=\"https:\/\/magicom.biz\/fr\/index.php\/2020\/05\/03\/intuition-extrait-du-valentin-magic-chaud-2020\/\" title=\"\u00ab\u00a0Intuition\u00a0\u00bb extrait du Valentin Magic Chaud 2020\">\u00ab\u00a0Intuition\u00a0\u00bb extrait du Valentin Magic Chaud 2020<\/a><\/h3>\n\t\t\t\t\t\t\t\t\t\n\t\t\t\t\t\t\t\t\t\n\t\t\t\t\t\t\t\t\t\t\t\t\t\t\t\t\t\t<\/div>\n\t\t\t\t\t\t\t\t<\/li>\n\t\t\t\t\t\t\t\t\t\t\t\t\t\t\t<li>\n\t\t\t\t\t\t\t\t\t\t\t\t\t\t\t\t\t\t\t\t\t\t\t<div class=\"eae-pl-content-box-wrapper\">\n\n\t\t\t\t\t\t\t\t\t\t\t\t\t\t\t\t\t\t\t<h3 class=\"eae-pl-title\"><a href=\"https:\/\/magicom.biz\/fr\/index.php\/2020\/05\/03\/induction-mentale-extrait-du-valentin-magic-chaud-2020\/\" title=\"Induction Mentale \u00bb extrait du Valentin Magic Chaud 2020\">Induction Mentale \u00bb extrait du Valentin Magic Chaud 2020<\/a><\/h3>\n\t\t\t\t\t\t\t\t\t\n\t\t\t\t\t\t\t\t\t\n\t\t\t\t\t\t\t\t\t\t\t\t\t\t\t\t\t\t<\/div>\n\t\t\t\t\t\t\t\t<\/li>\n\t\t\t\t\t\t\t\t\t\t\t\t\t\t\t<li>\n\t\t\t\t\t\t\t\t\t\t\t\t\t\t\t\t\t\t\t\t\t\t\t<div class=\"eae-pl-content-box-wrapper\">\n\n\t\t\t\t\t\t\t\t\t\t\t\t\t\t\t\t\t\t\t<h3 class=\"eae-pl-title\"><a href=\"https:\/\/magicom.biz\/fr\/index.php\/2019\/10\/03\/valentin-magic-chaud-extrait-evasion-gilet-theatre-du-panache\/\" title=\"\u00ab\u00a0Valentin Magic Chaud\u00a0\u00bb- extrait  EVASION GILET -THE\u00c2TRE du PANACHE\">\u00ab\u00a0Valentin Magic Chaud\u00a0\u00bb- extrait  EVASION GILET -THE\u00c2TRE du PANACHE<\/a><\/h3>\n\t\t\t\t\t\t\t\t\t\n\t\t\t\t\t\t\t\t\t\n\t\t\t\t\t\t\t\t\t\t\t\t\t\t\t\t\t\t<\/div>\n\t\t\t\t\t\t\t\t<\/li>\n\t\t\t\t\t\t\t\t\t\t\t\t\t\t\t<li>\n\t\t\t\t\t\t\t\t\t\t\t\t\t\t\t\t\t\t\t\t\t\t\t<div class=\"eae-pl-content-box-wrapper\">\n\n\t\t\t\t\t\t\t\t\t\t\t\t\t\t\t\t\t\t\t<h3 class=\"eae-pl-title\"><a href=\"https:\/\/magicom.biz\/fr\/index.php\/2019\/10\/03\/valentin-magic-chaud-extrait-psychic-ballons-theatre-forum\/\" title=\"\u00ab\u00a0Valentin Magic Chaud\u00a0\u00bb extrait \u00ab\u00a0PSYCHIC BALLONS\u00a0\u00bb &#8211; TH\u00c9\u00c2TRE FORUM\">\u00ab\u00a0Valentin Magic Chaud\u00a0\u00bb extrait \u00ab\u00a0PSYCHIC BALLONS\u00a0\u00bb &#8211; TH\u00c9\u00c2TRE FORUM<\/a><\/h3>\n\t\t\t\t\t\t\t\t\t\n\t\t\t\t\t\t\t\t\t\n\t\t\t\t\t\t\t\t\t\t\t\t\t\t\t\t\t\t<\/div>\n\t\t\t\t\t\t\t\t<\/li>\n\t\t\t\t\t\t\t\t\t\t\t\t\t\t\t<li>\n\t\t\t\t\t\t\t\t\t\t\t\t\t\t\t\t\t\t\t\t\t\t\t<div class=\"eae-pl-content-box-wrapper\">\n\n\t\t\t\t\t\t\t\t\t\t\t\t\t\t\t\t\t\t\t<h3 class=\"eae-pl-title\"><a href=\"https:\/\/magicom.biz\/fr\/index.php\/2019\/10\/03\/valentin-magic-show-dr-valentin-magicom-divination-carte-visa-theatre-forum\/\" title=\"\u00ab\u00a0Valentin Magic Show\u00a0\u00bb Dr Valentin Magicom- DIVINATION carte -VISA- TH\u00c9\u00c2TRE FORUM\">\u00ab\u00a0Valentin Magic Show\u00a0\u00bb Dr Valentin Magicom- DIVINATION carte -VISA- TH\u00c9\u00c2TRE FORUM<\/a><\/h3>\n\t\t\t\t\t\t\t\t\t\n\t\t\t\t\t\t\t\t\t\n\t\t\t\t\t\t\t\t\t\t\t\t\t\t\t\t\t\t<\/div>\n\t\t\t\t\t\t\t\t<\/li>\n\t\t\t\t\t\t\t\t\t\t\t\t\t\t\t<li>\n\t\t\t\t\t\t\t\t\t\t\t\t\t\t\t\t\t\t\t\t\t\t\t<div class=\"eae-pl-content-box-wrapper\">\n\n\t\t\t\t\t\t\t\t\t\t\t\t\t\t\t\t\t\t\t<h3 class=\"eae-pl-title\"><a href=\"https:\/\/magicom.biz\/fr\/index.php\/2019\/10\/03\/show-pasino-aix-extrait-ventriloquie-pustule-du-valentin-magic-chaud\/\" title=\"SHOW PASINO AIX-  extrait \u00ab\u00a0VENTRILOQUIE &#8211; PUSTULE\u00a0\u00bb du \u00ab\u00a0Valentin Magic Chaud\u00a0\u00bb\">SHOW PASINO AIX-  extrait \u00ab\u00a0VENTRILOQUIE &#8211; PUSTULE\u00a0\u00bb du \u00ab\u00a0Valentin Magic Chaud\u00a0\u00bb<\/a><\/h3>\n\t\t\t\t\t\t\t\t\t\n\t\t\t\t\t\t\t\t\t\n\t\t\t\t\t\t\t\t\t\t\t\t\t\t\t\t\t\t<\/div>\n\t\t\t\t\t\t\t\t<\/li>\n\t\t\t\t\t\t\t\t\t\t\t\t\t\t\t<li>\n\t\t\t\t\t\t\t\t\t\t\t\t\t\t\t\t\t\t\t\t\t\t\t<div class=\"eae-pl-content-box-wrapper\">\n\n\t\t\t\t\t\t\t\t\t\t\t\t\t\t\t\t\t\t\t<h3 class=\"eae-pl-title\"><a href=\"https:\/\/magicom.biz\/fr\/index.php\/2019\/10\/03\/pasino-aix-extrait-the-racoon-de-magic-chaud\/\" title=\"SHOW PASINO AIX- extrait \u00ab\u00a0THE RACOON\u00a0\u00bb du \u00ab\u00a0Valentin Magic Chaud\u00a0\u00bb\">SHOW PASINO AIX- extrait \u00ab\u00a0THE RACOON\u00a0\u00bb du \u00ab\u00a0Valentin Magic Chaud\u00a0\u00bb<\/a><\/h3>\n\t\t\t\t\t\t\t\t\t\n\t\t\t\t\t\t\t\t\t\n\t\t\t\t\t\t\t\t\t\t\t\t\t\t\t\t\t\t<\/div>\n\t\t\t\t\t\t\t\t<\/li>\n\t\t\t\t\t\t\t\t\t\t\t\t\t\t\t<li>\n\t\t\t\t\t\t\t\t\t\t\t\t\t\t\t\t\t\t\t\t\t\t\t<div class=\"eae-pl-content-box-wrapper\">\n\n\t\t\t\t\t\t\t\t\t\t\t\t\t\t\t\t\t\t\t<h3 class=\"eae-pl-title\"><a href=\"https:\/\/magicom.biz\/fr\/index.php\/2019\/10\/03\/show-pasino-aix-extrait-cabine-transfert-de-magic-chaud\/\" title=\"SHOW PASINO AIX &#8211; extrait \u00ab\u00a0Cabine Transfert\u00a0\u00bb du \u00ab\u00a0Valentin Magic Chaud\u00a0\u00bb\">SHOW PASINO AIX &#8211; extrait \u00ab\u00a0Cabine Transfert\u00a0\u00bb du \u00ab\u00a0Valentin Magic Chaud\u00a0\u00bb<\/a><\/h3>\n\t\t\t\t\t\t\t\t\t\n\t\t\t\t\t\t\t\t\t\n\t\t\t\t\t\t\t\t\t\t\t\t\t\t\t\t\t\t<\/div>\n\t\t\t\t\t\t\t\t<\/li>\n\t\t\t\t\t\t\t\t\t\t\t\t\t\t\t<li>\n\t\t\t\t\t\t\t\t\t\t\t\t\t\t\t\t\t\t\t\t\t\t\t<div class=\"eae-pl-content-box-wrapper\">\n\n\t\t\t\t\t\t\t\t\t\t\t\t\t\t\t\t\t\t\t<h3 class=\"eae-pl-title\"><a href=\"https:\/\/magicom.biz\/fr\/index.php\/2019\/10\/03\/show-theatre-de-foix-2018-tableau-3-corde-trilogie\/\" title=\"Show Th\u00e9\u00e2tre de Foix 2018- Tableau 3 \u00ab\u00a0CORDE TRILOGIE\u00a0\u00bb\">Show Th\u00e9\u00e2tre de Foix 2018- Tableau 3 \u00ab\u00a0CORDE TRILOGIE\u00a0\u00bb<\/a><\/h3>\n\t\t\t\t\t\t\t\t\t\n\t\t\t\t\t\t\t\t\t\n\t\t\t\t\t\t\t\t\t\t\t\t\t\t\t\t\t\t<\/div>\n\t\t\t\t\t\t\t\t<\/li>\n\t\t\t\t\t\t\t\t\t\t\t\t\t\t\t<li>\n\t\t\t\t\t\t\t\t\t\t\t\t\t\t\t\t\t\t\t\t\t\t\t<div class=\"eae-pl-content-box-wrapper\">\n\n\t\t\t\t\t\t\t\t\t\t\t\t\t\t\t\t\t\t\t<h3 class=\"eae-pl-title\"><a href=\"https:\/\/magicom.biz\/fr\/index.php\/2019\/10\/03\/show-theatre-de-foix-2018-tableau-2-histoire-de-corde\/\" title=\"Show Th\u00e9\u00e2tre de Foix 2018- Tableau 2 \u00ab\u00a0HISTOIRE DE CORDE\u00a0\u00bb\">Show Th\u00e9\u00e2tre de Foix 2018- Tableau 2 \u00ab\u00a0HISTOIRE DE CORDE\u00a0\u00bb<\/a><\/h3>\n\t\t\t\t\t\t\t\t\t\n\t\t\t\t\t\t\t\t\t\n\t\t\t\t\t\t\t\t\t\t\t\t\t\t\t\t\t\t<\/div>\n\t\t\t\t\t\t\t\t<\/li>\n\t\t\t\t\t\t\t\t\t\t\t\t\t<\/ul>\n\t\t\t\t\t\t\t\t\t<\/div>\n\t\t\t\t<\/div>\n\t\t\t\t<\/div>\n\t\t\t\t\t\t<\/div>\n\t\t\t\t\t<\/div>\n\t\t<\/div>\n\t\t\t\t\t\t\t\t<\/div>\n\t\t\t\t\t<\/div>\n\t\t<\/section>\n\t\t\t\t\t\t\t\t\t<\/div>\n\t\t\t<\/div>\n\t\t\t\t\t<\/div>\n\t\t","protected":false},"excerpt":{"rendered":"<p>QUELQUES EXTRAITS DE SPECTACLE sur GRANDES S\u00c7ENES. \u00a0 \u00a0 Th\u00e9\u00e2tre de FOIX, Sc\u00e8ne Nationale, L\u2019Estive \u00a0 \u00a0 PASINO d\u2019Aix en Provence \u00a0 \u00a0 Th\u00e9\u00e2tre LE FORUM, Station les Karellis, Savoie Induction Mentale \u00bb extrait du Valentin Magic Chaud 2020 &#8220;Valentin Magic Chaud&#8221;- extrait EVASION GILET -THE\u00c2TRE du PANACHE &#8220;Valentin Magic Chaud&#8221; extrait &#8220;PSYCHIC BALLONS&#8221; &#8211; [&hellip;]<\/p>\n","protected":false},"author":1,"featured_media":0,"parent":0,"menu_order":0,"comment_status":"closed","ping_status":"closed","template":"","meta":{"ngg_post_thumbnail":0,"footnotes":""},"class_list":["post-208","page","type-page","status-publish","hentry"],"jetpack_sharing_enabled":true,"_links":{"self":[{"href":"https:\/\/magicom.biz\/fr\/index.php\/wp-json\/wp\/v2\/pages\/208","targetHints":{"allow":["GET"]}}],"collection":[{"href":"https:\/\/magicom.biz\/fr\/index.php\/wp-json\/wp\/v2\/pages"}],"about":[{"href":"https:\/\/magicom.biz\/fr\/index.php\/wp-json\/wp\/v2\/types\/page"}],"author":[{"embeddable":true,"href":"https:\/\/magicom.biz\/fr\/index.php\/wp-json\/wp\/v2\/users\/1"}],"replies":[{"embeddable":true,"href":"https:\/\/magicom.biz\/fr\/index.php\/wp-json\/wp\/v2\/comments?post=208"}],"version-history":[{"count":8,"href":"https:\/\/magicom.biz\/fr\/index.php\/wp-json\/wp\/v2\/pages\/208\/revisions"}],"predecessor-version":[{"id":1174,"href":"https:\/\/magicom.biz\/fr\/index.php\/wp-json\/wp\/v2\/pages\/208\/revisions\/1174"}],"wp:attachment":[{"href":"https:\/\/magicom.biz\/fr\/index.php\/wp-json\/wp\/v2\/media?parent=208"}],"curies":[{"name":"wp","href":"https:\/\/api.w.org\/{rel}","templated":true}]}}