{"id":205,"date":"2019-10-03T10:08:35","date_gmt":"2019-10-03T08:08:35","guid":{"rendered":"https:\/\/magicom.biz\/fr\/?page_id=205"},"modified":"2019-10-05T08:10:48","modified_gmt":"2019-10-05T06:10:48","slug":"cafe-theatre","status":"publish","type":"page","link":"https:\/\/magicom.biz\/fr\/index.php\/cafe-theatre\/","title":{"rendered":"Caf\u00e9-th\u00e9\u00e2tre"},"content":{"rendered":"\t\t<div data-elementor-type=\"wp-page\" data-elementor-id=\"205\" class=\"elementor elementor-205\">\n\t\t\t\t\t\t<div class=\"elementor-inner\">\n\t\t\t\t<div class=\"elementor-section-wrap\">\n\t\t\t\t\t\t\t\t\t<section class=\"has_eae_slider elementor-section elementor-top-section elementor-element elementor-element-371a566d elementor-section-boxed elementor-section-height-default elementor-section-height-default\" data-eae-slider=\"49307\" data-id=\"371a566d\" data-element_type=\"section\">\n\t\t\t\t\t\t<div class=\"elementor-container elementor-column-gap-default\">\n\t\t\t\t\t\t\t<div class=\"elementor-row\">\n\t\t\t\t\t<div class=\"has_eae_slider elementor-column elementor-col-100 elementor-top-column elementor-element elementor-element-56ff8553\" data-eae-slider=\"94517\" data-id=\"56ff8553\" data-element_type=\"column\">\n\t\t\t<div class=\"elementor-column-wrap elementor-element-populated\">\n\t\t\t\t\t\t\t<div class=\"elementor-widget-wrap\">\n\t\t\t\t\t\t<div class=\"elementor-element elementor-element-623ebc72 elementor-widget elementor-widget-text-editor\" data-id=\"623ebc72\" data-element_type=\"widget\" data-widget_type=\"text-editor.default\">\n\t\t\t\t<div class=\"elementor-widget-container\">\n\t\t\t\t\t\t\t\t<div class=\"elementor-text-editor elementor-clearfix\">\n\t\t\t\t&nbsp;\n\n&nbsp;\t\t\t\t\t<\/div>\n\t\t\t\t\t\t<\/div>\n\t\t\t\t<\/div>\n\t\t\t\t\t\t<\/div>\n\t\t\t\t\t<\/div>\n\t\t<\/div>\n\t\t\t\t\t\t\t\t<\/div>\n\t\t\t\t\t<\/div>\n\t\t<\/section>\n\t\t\t\t<section class=\"has_eae_slider elementor-section elementor-top-section elementor-element elementor-element-25ab1ff8 elementor-section-boxed elementor-section-height-default elementor-section-height-default\" data-eae-slider=\"91566\" data-id=\"25ab1ff8\" data-element_type=\"section\">\n\t\t\t\t\t\t<div class=\"elementor-container elementor-column-gap-default\">\n\t\t\t\t\t\t\t<div class=\"elementor-row\">\n\t\t\t\t\t<div class=\"has_eae_slider elementor-column elementor-col-66 elementor-top-column elementor-element elementor-element-4cbe5b3c\" data-eae-slider=\"89087\" data-id=\"4cbe5b3c\" data-element_type=\"column\">\n\t\t\t<div class=\"elementor-column-wrap elementor-element-populated\">\n\t\t\t\t\t\t\t<div class=\"elementor-widget-wrap\">\n\t\t\t\t\t\t<div class=\"elementor-element elementor-element-7210965c elementor-widget elementor-widget-text-editor\" data-id=\"7210965c\" data-element_type=\"widget\" data-widget_type=\"text-editor.default\">\n\t\t\t\t<div class=\"elementor-widget-container\">\n\t\t\t\t\t\t\t\t<div class=\"elementor-text-editor elementor-clearfix\">\n\t\t\t\t<p>Extraits de diff\u00e9rents \u00ab\u00a0One Man Show\u00a0\u00bb dans des lieux diff\u00e9rents :<\/p><p>Caf\u00e9-Th\u00e9\u00e2tre Le Panache<\/p><p>Caf\u00e9 -Th\u00e9\u00e2tre de Tatie- Marseille<\/p><p>Caf\u00e9-Th\u00e9\u00e2tre de la Fontaine d&rsquo;Argent- Aix en Provence<\/p>\t\t\t\t\t<\/div>\n\t\t\t\t\t\t<\/div>\n\t\t\t\t<\/div>\n\t\t\t\t\t\t<\/div>\n\t\t\t\t\t<\/div>\n\t\t<\/div>\n\t\t\t\t<div class=\"has_eae_slider elementor-column elementor-col-33 elementor-top-column elementor-element elementor-element-56ca5fa0\" data-eae-slider=\"67206\" data-id=\"56ca5fa0\" data-element_type=\"column\">\n\t\t\t<div class=\"elementor-column-wrap elementor-element-populated\">\n\t\t\t\t\t\t\t<div class=\"elementor-widget-wrap\">\n\t\t\t\t\t\t<div class=\"elementor-element elementor-element-64bd8f51 elementor-widget elementor-widget-wts-postlist\" data-id=\"64bd8f51\" data-element_type=\"widget\" data-widget_type=\"wts-postlist.default\">\n\t\t\t\t<div class=\"elementor-widget-container\">\n\t\t\t\t\t\t<div class=\"wts-eae-pl-wrapper\">\n\t\t\t\t\t\t\t\t\t\t<ul>\n\t\t\t\t\t\t\t\t\t\t\t\t\t\t<li>\n\t\t\t\t\t\t\t\t\t\t\t\t\t\t\t\t\t\t\t\t\t\t\t<div class=\"eae-pl-content-box-wrapper\">\n\n\t\t\t\t\t\t\t\t\t\t\t\t\t\t\t\t\t\t\t<h3 class=\"eae-pl-title\"><a href=\"https:\/\/magicom.biz\/fr\/index.php\/2019\/10\/05\/ventriloquie-magic-chaud-fontaine-dargent\/\" title=\"Ventriloquie MAGIC CHAUD- Fontaine d&rsquo;Argent\">Ventriloquie MAGIC CHAUD- Fontaine d&rsquo;Argent<\/a><\/h3>\n\t\t\t\t\t\t\t\t\t\n\t\t\t\t\t\t\t\t\t\n\t\t\t\t\t\t\t\t\t\t\t\t\t\t\t\t\t\t<\/div>\n\t\t\t\t\t\t\t\t<\/li>\n\t\t\t\t\t\t\t\t\t\t\t\t\t\t\t<li>\n\t\t\t\t\t\t\t\t\t\t\t\t\t\t\t\t\t\t\t\t\t\t\t<div class=\"eae-pl-content-box-wrapper\">\n\n\t\t\t\t\t\t\t\t\t\t\t\t\t\t\t\t\t\t\t<h3 class=\"eae-pl-title\"><a href=\"https:\/\/magicom.biz\/fr\/index.php\/2019\/10\/03\/magic-chaud-2018-extraits-theatre-fontaine-dargent-aix-en-p\/\" title=\"\u00ab\u00a0MAGIC CHAUD\u00a0\u00bb 2018-extraits-THEATRE FONTAINE D&rsquo;ARGENT- Aix en P.\">\u00ab\u00a0MAGIC CHAUD\u00a0\u00bb 2018-extraits-THEATRE FONTAINE D&rsquo;ARGENT- Aix en P.<\/a><\/h3>\n\t\t\t\t\t\t\t\t\t\n\t\t\t\t\t\t\t\t\t\n\t\t\t\t\t\t\t\t\t\t\t\t\t\t\t\t\t\t<\/div>\n\t\t\t\t\t\t\t\t<\/li>\n\t\t\t\t\t\t\t\t\t\t\t\t\t\t\t<li>\n\t\t\t\t\t\t\t\t\t\t\t\t\t\t\t\t\t\t\t\t\t\t\t<div class=\"eae-pl-content-box-wrapper\">\n\n\t\t\t\t\t\t\t\t\t\t\t\t\t\t\t\t\t\t\t<h3 class=\"eae-pl-title\"><a href=\"https:\/\/magicom.biz\/fr\/index.php\/2019\/10\/03\/mentalisme-extrait-intuition-theatre-tatie-marseille-2014\/\" title=\"MENTALISME-extrait \u00ab\u00a0INTUITION\u00a0\u00bb  Th\u00e9\u00e2tre Tatie MARSEILLE 2014\">MENTALISME-extrait \u00ab\u00a0INTUITION\u00a0\u00bb  Th\u00e9\u00e2tre Tatie MARSEILLE 2014<\/a><\/h3>\n\t\t\t\t\t\t\t\t\t\n\t\t\t\t\t\t\t\t\t\n\t\t\t\t\t\t\t\t\t\t\t\t\t\t\t\t\t\t<\/div>\n\t\t\t\t\t\t\t\t<\/li>\n\t\t\t\t\t\t\t\t\t\t\t\t\t\t\t<li>\n\t\t\t\t\t\t\t\t\t\t\t\t\t\t\t\t\t\t\t\t\t\t\t<div class=\"eae-pl-content-box-wrapper\">\n\n\t\t\t\t\t\t\t\t\t\t\t\t\t\t\t\t\t\t\t<h3 class=\"eae-pl-title\"><a href=\"https:\/\/magicom.biz\/fr\/index.php\/2019\/10\/03\/show-mentalisme-extrait-divination-signes-theatre-tatie\/\" title=\"SHOW Mentalisme- extrait DIVINATION SIGNES -Th\u00e9\u00e2tre Tatie\">SHOW Mentalisme- extrait DIVINATION SIGNES -Th\u00e9\u00e2tre Tatie<\/a><\/h3>\n\t\t\t\t\t\t\t\t\t\n\t\t\t\t\t\t\t\t\t\n\t\t\t\t\t\t\t\t\t\t\t\t\t\t\t\t\t\t<\/div>\n\t\t\t\t\t\t\t\t<\/li>\n\t\t\t\t\t\t\t\t\t\t\t\t\t\t\t<li>\n\t\t\t\t\t\t\t\t\t\t\t\t\t\t\t\t\t\t\t\t\t\t\t<div class=\"eae-pl-content-box-wrapper\">\n\n\t\t\t\t\t\t\t\t\t\t\t\t\t\t\t\t\t\t\t<h3 class=\"eae-pl-title\"><a href=\"https:\/\/magicom.biz\/fr\/index.php\/2019\/10\/03\/show-mentalisme-extrait-divination-couleurs-theatre-tatie\/\" title=\"SHOW Mentalisme- extrait \u00ab\u00a0Divination Couleurs\u00a0\u00bb-Th\u00e9\u00e2tre Tatie\">SHOW Mentalisme- extrait \u00ab\u00a0Divination Couleurs\u00a0\u00bb-Th\u00e9\u00e2tre Tatie<\/a><\/h3>\n\t\t\t\t\t\t\t\t\t\n\t\t\t\t\t\t\t\t\t\n\t\t\t\t\t\t\t\t\t\t\t\t\t\t\t\t\t\t<\/div>\n\t\t\t\t\t\t\t\t<\/li>\n\t\t\t\t\t\t\t\t\t\t\t\t\t<\/ul>\n\t\t\t\t\t\t\t\t\t<\/div>\n\t\t\t\t<\/div>\n\t\t\t\t<\/div>\n\t\t\t\t\t\t<\/div>\n\t\t\t\t\t<\/div>\n\t\t<\/div>\n\t\t\t\t\t\t\t\t<\/div>\n\t\t\t\t\t<\/div>\n\t\t<\/section>\n\t\t\t\t\t\t\t\t\t<\/div>\n\t\t\t<\/div>\n\t\t\t\t\t<\/div>\n\t\t","protected":false},"excerpt":{"rendered":"<p>&nbsp; Extraits de diff\u00e9rents \u00ab\u00a0One Man Show\u00a0\u00bb dans des lieux diff\u00e9rents : Caf\u00e9-Th\u00e9\u00e2tre Le Panache Caf\u00e9 -Th\u00e9\u00e2tre de Tatie- Marseille Caf\u00e9-Th\u00e9\u00e2tre de la Fontaine d&rsquo;Argent- Aix en Provence \u201cMAGIC CHAUD\u201d 2018-extraits-THEATRE FONTAINE D\u2019ARGENT- Aix en P. MENTALISME-extrait \u201cINTUITION\u201d Th\u00e9\u00e2tre Tatie MARSEILLE 2014 SHOW Mentalisme- extrait DIVINATION SIGNES -Th\u00e9\u00e2tre Tatie SHOW Mentalisme- extrait \u201cDivination Couleurs\u201d-Th\u00e9\u00e2tre Tatie [&hellip;]<\/p>\n","protected":false},"author":1,"featured_media":0,"parent":0,"menu_order":0,"comment_status":"closed","ping_status":"closed","template":"","meta":{"ngg_post_thumbnail":0,"footnotes":""},"class_list":["post-205","page","type-page","status-publish","hentry"],"jetpack_sharing_enabled":true,"_links":{"self":[{"href":"https:\/\/magicom.biz\/fr\/index.php\/wp-json\/wp\/v2\/pages\/205","targetHints":{"allow":["GET"]}}],"collection":[{"href":"https:\/\/magicom.biz\/fr\/index.php\/wp-json\/wp\/v2\/pages"}],"about":[{"href":"https:\/\/magicom.biz\/fr\/index.php\/wp-json\/wp\/v2\/types\/page"}],"author":[{"embeddable":true,"href":"https:\/\/magicom.biz\/fr\/index.php\/wp-json\/wp\/v2\/users\/1"}],"replies":[{"embeddable":true,"href":"https:\/\/magicom.biz\/fr\/index.php\/wp-json\/wp\/v2\/comments?post=205"}],"version-history":[{"count":8,"href":"https:\/\/magicom.biz\/fr\/index.php\/wp-json\/wp\/v2\/pages\/205\/revisions"}],"predecessor-version":[{"id":613,"href":"https:\/\/magicom.biz\/fr\/index.php\/wp-json\/wp\/v2\/pages\/205\/revisions\/613"}],"wp:attachment":[{"href":"https:\/\/magicom.biz\/fr\/index.php\/wp-json\/wp\/v2\/media?parent=205"}],"curies":[{"name":"wp","href":"https:\/\/api.w.org\/{rel}","templated":true}]}}