{"id":202,"date":"2019-10-03T10:07:18","date_gmt":"2019-10-03T08:07:18","guid":{"rendered":"https:\/\/magicom.biz\/fr\/?page_id=202"},"modified":"2022-04-12T18:00:57","modified_gmt":"2022-04-12T16:00:57","slug":"web-tv","status":"publish","type":"page","link":"https:\/\/magicom.biz\/fr\/index.php\/web-tv\/","title":{"rendered":"Web-TV"},"content":{"rendered":"\t\t<div data-elementor-type=\"wp-page\" data-elementor-id=\"202\" class=\"elementor elementor-202\">\n\t\t\t\t\t\t<div class=\"elementor-inner\">\n\t\t\t\t<div class=\"elementor-section-wrap\">\n\t\t\t\t\t\t\t\t\t<section class=\"has_eae_slider elementor-section elementor-top-section elementor-element elementor-element-2b9afe2 elementor-section-boxed elementor-section-height-default elementor-section-height-default\" data-eae-slider=\"77903\" data-id=\"2b9afe2\" data-element_type=\"section\">\n\t\t\t\t\t\t<div class=\"elementor-container elementor-column-gap-default\">\n\t\t\t\t\t\t\t<div class=\"elementor-row\">\n\t\t\t\t\t<div class=\"has_eae_slider elementor-column elementor-col-66 elementor-top-column elementor-element elementor-element-9b377fd\" data-eae-slider=\"67373\" data-id=\"9b377fd\" data-element_type=\"column\">\n\t\t\t<div class=\"elementor-column-wrap elementor-element-populated\">\n\t\t\t\t\t\t\t<div class=\"elementor-widget-wrap\">\n\t\t\t\t\t\t<div class=\"elementor-element elementor-element-445b4cc elementor-widget elementor-widget-text-editor\" data-id=\"445b4cc\" data-element_type=\"widget\" data-widget_type=\"text-editor.default\">\n\t\t\t\t<div class=\"elementor-widget-container\">\n\t\t\t\t\t\t\t\t<div class=\"elementor-text-editor elementor-clearfix\">\n\t\t\t\t<ul><li><b>Interview et extraits d&rsquo;exp\u00e9riences de FLASH MENTALISME &#8211; WEB-T\u00c9L\u00c9<\/b><b style=\"font-family: 'Times New Roman', serif; font-size: 12pt; text-indent: -18pt;\"><\/b><\/li><li><b style=\"font-family: 'Times New Roman', serif; font-size: 12pt; text-indent: -18pt;\"><span style=\"font-size: 10.0pt; font-family: 'Comic Sans MS';\">Une s\u00e9rie de 6 \u00e9missions web-t\u00e9l\u00e9, sous l\u2019\u00e9gide de <\/span><\/b><span style=\"font-family: 'Times New Roman', serif; font-size: 12pt; text-indent: -18pt;\">Stephan Coudoux (All-Massilia), dont le principe est de faire conna\u00eetre en direct, des lieux d\u2019exception Marseillais avec des Artistes Musiciens invit\u00e9s.<\/span><\/li><li><span style=\"font-variant-numeric: normal; font-variant-east-asian: normal; font-stretch: normal; font-size: 7pt; line-height: normal; font-family: 'Times New Roman';\">\u00a0<\/span><span style=\"font-family: 'Times New Roman', serif; font-size: 12pt; text-indent: -18pt;\">Le <\/span><b style=\"font-family: 'Times New Roman', serif; font-size: 12pt; text-indent: -18pt;\">Dr Valentin<\/b><span style=\"font-family: 'Times New Roman', serif; font-size: 12pt; text-indent: -18pt;\"> participe \u00e0 chaque \u00e9mission et r\u00e9alise en \u00ab\u00a0LIVE\u00a0\u00bb des exp\u00e9riences \u00ab\u00a0M<\/span><span style=\"font-family: 'Times New Roman', serif; font-size: 12pt; text-indent: -18pt;\">entalistiques \u00bb de son cru, avec des routines de \u00ab\u00a0Magic close-up\u00a0\u00bb. <br \/><\/span><\/li><li>Au total, 6 \u00e9pisodes avec : 1- les BABY\u2019S GOT BLUE EYES, 2-le groupe \u00ab LES POULETTES \u00bb, 3- les CURWEN\u2019S ODD LEGACY, 4-EMMANUELLE RIZZUTO, 5-VIS \u00e0 VIES, 6- \u00c9MILY LADY.<\/li><\/ul><p><style>\n<!-- \/* Font Definitions *\/ @font-face {font-family:Wingdings; panose-1:5 0 0 0 0 0 0 0 0 0; mso-font-charset:2; mso-generic-font-family:decorative; mso-font-pitch:variable; mso-font-signature:0 268435456 0 0 -2147483648 0;} @font-face {font-family:\"Cambria Math\"; panose-1:2 4 5 3 5 4 6 3 2 4; mso-font-charset:0; mso-generic-font-family:roman; mso-font-pitch:variable; mso-font-signature:-536870145 1107305727 0 0 415 0;} @font-face {font-family:\"Comic Sans MS\"; panose-1:3 15 7 2 3 3 2 2 2 4; mso-font-charset:0; mso-generic-font-family:script; mso-font-pitch:variable; mso-font-signature:647 0 0 0 159 0;} \/* Style Definitions *\/ p.MsoNormal, li.MsoNormal, div.MsoNormal {mso-style-unhide:no; mso-style-qformat:yes; mso-style-parent:\"\"; margin:0cm; margin-bottom:.0001pt; mso-pagination:widow-orphan; font-size:12.0pt; font-family:\"Times New Roman\",serif; mso-fareast-font-family:\"Times New Roman\";} p.MsoListParagraph, li.MsoListParagraph, div.MsoListParagraph {mso-style-priority:34; mso-style-unhide:no; mso-style-qformat:yes; margin-top:0cm; margin-right:0cm; margin-bottom:0cm; margin-left:36.0pt; margin-bottom:.0001pt; mso-add-space:auto; mso-pagination:widow-orphan; font-size:12.0pt; font-family:\"Times New Roman\",serif; mso-fareast-font-family:\"Times New Roman\";} p.MsoListParagraphCxSpFirst, li.MsoListParagraphCxSpFirst, div.MsoListParagraphCxSpFirst {mso-style-priority:34; mso-style-unhide:no; mso-style-qformat:yes; mso-style-type:export-only; margin-top:0cm; margin-right:0cm; margin-bottom:0cm; margin-left:36.0pt; margin-bottom:.0001pt; mso-add-space:auto; mso-pagination:widow-orphan; font-size:12.0pt; font-family:\"Times New Roman\",serif; mso-fareast-font-family:\"Times New Roman\";} p.MsoListParagraphCxSpMiddle, li.MsoListParagraphCxSpMiddle, div.MsoListParagraphCxSpMiddle {mso-style-priority:34; mso-style-unhide:no; mso-style-qformat:yes; mso-style-type:export-only; margin-top:0cm; margin-right:0cm; margin-bottom:0cm; margin-left:36.0pt; margin-bottom:.0001pt; mso-add-space:auto; mso-pagination:widow-orphan; font-size:12.0pt; font-family:\"Times New Roman\",serif; mso-fareast-font-family:\"Times New Roman\";} p.MsoListParagraphCxSpLast, li.MsoListParagraphCxSpLast, div.MsoListParagraphCxSpLast {mso-style-priority:34; mso-style-unhide:no; mso-style-qformat:yes; mso-style-type:export-only; margin-top:0cm; margin-right:0cm; margin-bottom:0cm; margin-left:36.0pt; margin-bottom:.0001pt; mso-add-space:auto; mso-pagination:widow-orphan; font-size:12.0pt; font-family:\"Times New Roman\",serif; mso-fareast-font-family:\"Times New Roman\";} .MsoChpDefault {mso-style-type:export-only; mso-default-props:yes; font-family:\"Calibri\",sans-serif; mso-ascii-font-family:Calibri; mso-ascii-theme-font:minor-latin; mso-fareast-font-family:Calibri; mso-fareast-theme-font:minor-latin; mso-hansi-font-family:Calibri; mso-hansi-theme-font:minor-latin; mso-bidi-font-family:\"Times New Roman\"; mso-bidi-theme-font:minor-bidi; mso-fareast-language:EN-US;} @page WordSection1 {size:612.0pt 792.0pt; margin:70.85pt 70.85pt 70.85pt 70.85pt; mso-header-margin:36.0pt; mso-footer-margin:36.0pt; mso-paper-source:0;} div.WordSection1 {page:WordSection1;} \/* List Definitions *\/ @list l0 {mso-list-id:1226909808; mso-list-type:hybrid; mso-list-template-ids:-1191272676 -1737984236 67895299 67895301 67895297 67895299 67895301 67895297 67895299 67895301;} @list l0:level1 {mso-level-start-at:2; mso-level-number-format:bullet; mso-level-text:-; mso-level-tab-stop:none; mso-level-number-position:left; text-indent:-18.0pt; mso-ansi-font-size:10.0pt; font-family:\"Comic Sans MS\"; mso-fareast-font-family:\"Times New Roman\"; mso-bidi-font-family:\"Times New Roman\"; mso-ansi-font-weight:bold;} @list l0:level2 {mso-level-number-format:bullet; mso-level-text:o; mso-level-tab-stop:none; mso-level-number-position:left; text-indent:-18.0pt; font-family:\"Courier New\";} @list l0:level3 {mso-level-number-format:bullet; mso-level-text:\uf0a7; mso-level-tab-stop:none; mso-level-number-position:left; text-indent:-18.0pt; font-family:Wingdings;} @list l0:level4 {mso-level-number-format:bullet; mso-level-text:\uf0b7; mso-level-tab-stop:none; mso-level-number-position:left; text-indent:-18.0pt; font-family:Symbol;} @list l0:level5 {mso-level-number-format:bullet; mso-level-text:o; mso-level-tab-stop:none; mso-level-number-position:left; text-indent:-18.0pt; font-family:\"Courier New\";} @list l0:level6 {mso-level-number-format:bullet; mso-level-text:\uf0a7; mso-level-tab-stop:none; mso-level-number-position:left; text-indent:-18.0pt; font-family:Wingdings;} @list l0:level7 {mso-level-number-format:bullet; mso-level-text:\uf0b7; mso-level-tab-stop:none; mso-level-number-position:left; text-indent:-18.0pt; font-family:Symbol;} @list l0:level8 {mso-level-number-format:bullet; mso-level-text:o; mso-level-tab-stop:none; mso-level-number-position:left; text-indent:-18.0pt; font-family:\"Courier New\";} @list l0:level9 {mso-level-number-format:bullet; mso-level-text:\uf0a7; mso-level-tab-stop:none; mso-level-number-position:left; text-indent:-18.0pt; font-family:Wingdings;} ol {margin-bottom:0cm;} ul {margin-bottom:0cm;} --><br \/><\/style><\/p><p>\u00a0<\/p>\t\t\t\t\t<\/div>\n\t\t\t\t\t\t<\/div>\n\t\t\t\t<\/div>\n\t\t\t\t\t\t<\/div>\n\t\t\t\t\t<\/div>\n\t\t<\/div>\n\t\t\t\t<div class=\"has_eae_slider elementor-column elementor-col-33 elementor-top-column elementor-element elementor-element-a0c941e\" data-eae-slider=\"70572\" data-id=\"a0c941e\" data-element_type=\"column\">\n\t\t\t<div class=\"elementor-column-wrap elementor-element-populated\">\n\t\t\t\t\t\t\t<div class=\"elementor-widget-wrap\">\n\t\t\t\t\t\t<div class=\"elementor-element elementor-element-51893cf elementor-widget elementor-widget-wts-postlist\" data-id=\"51893cf\" data-element_type=\"widget\" data-widget_type=\"wts-postlist.default\">\n\t\t\t\t<div class=\"elementor-widget-container\">\n\t\t\t\t\t\t<div class=\"wts-eae-pl-wrapper\">\n\t\t\t\t\t\t\t\t\t\t<ul>\n\t\t\t\t\t\t\t\t\t\t\t\t\t\t<li>\n\t\t\t\t\t\t\t\t\t\t\t\t\t\t\t\t\t\t\t\t\t\t\t<div class=\"eae-pl-content-box-wrapper\">\n\n\t\t\t\t\t\t\t\t\t\t\t\t\t\t\t\t\t\t\t<h3 class=\"eae-pl-title\"><a href=\"https:\/\/magicom.biz\/fr\/index.php\/2022\/04\/12\/mentalisme-flash\/\" title=\"MENTALISME FLASH\">MENTALISME FLASH<\/a><\/h3>\n\t\t\t\t\t\t\t\t\t\n\t\t\t\t\t\t\t\t\t\n\t\t\t\t\t\t\t\t\t\t\t\t\t\t\t\t\t\t<\/div>\n\t\t\t\t\t\t\t\t<\/li>\n\t\t\t\t\t\t\t\t\t\t\t\t\t\t\t<li>\n\t\t\t\t\t\t\t\t\t\t\t\t\t\t\t\t\t\t\t\t\t\t\t<div class=\"eae-pl-content-box-wrapper\">\n\n\t\t\t\t\t\t\t\t\t\t\t\t\t\t\t\t\t\t\t<h3 class=\"eae-pl-title\"><a href=\"https:\/\/magicom.biz\/fr\/index.php\/2019\/10\/03\/mentalisme-petite-emission-web-all-massilia-5ieme\/\" title=\"\u00ab\u00a0Mentalisme\u00a0\u00bb petite \u00e9mission Web All-Massilia 5ieme\">\u00ab\u00a0Mentalisme\u00a0\u00bb petite \u00e9mission Web All-Massilia 5ieme<\/a><\/h3>\n\t\t\t\t\t\t\t\t\t\n\t\t\t\t\t\t\t\t\t\n\t\t\t\t\t\t\t\t\t\t\t\t\t\t\t\t\t\t<\/div>\n\t\t\t\t\t\t\t\t<\/li>\n\t\t\t\t\t\t\t\t\t\t\t\t\t\t\t<li>\n\t\t\t\t\t\t\t\t\t\t\t\t\t\t\t\t\t\t\t\t\t\t\t<div class=\"eae-pl-content-box-wrapper\">\n\n\t\t\t\t\t\t\t\t\t\t\t\t\t\t\t\t\t\t\t<h3 class=\"eae-pl-title\"><a href=\"https:\/\/magicom.biz\/fr\/index.php\/2019\/10\/03\/mentalisme-petite-emission-web-all-massilia-4\/\" title=\"\u00ab\u00a0Mentalisme\u00a0\u00bb petite \u00e9mission Web &#8211; All-Massilia 4\">\u00ab\u00a0Mentalisme\u00a0\u00bb petite \u00e9mission Web &#8211; All-Massilia 4<\/a><\/h3>\n\t\t\t\t\t\t\t\t\t\n\t\t\t\t\t\t\t\t\t\n\t\t\t\t\t\t\t\t\t\t\t\t\t\t\t\t\t\t<\/div>\n\t\t\t\t\t\t\t\t<\/li>\n\t\t\t\t\t\t\t\t\t\t\t\t\t\t\t<li>\n\t\t\t\t\t\t\t\t\t\t\t\t\t\t\t\t\t\t\t\t\t\t\t<div class=\"eae-pl-content-box-wrapper\">\n\n\t\t\t\t\t\t\t\t\t\t\t\t\t\t\t\t\t\t\t<h3 class=\"eae-pl-title\"><a href=\"https:\/\/magicom.biz\/fr\/index.php\/2019\/10\/03\/raccoon-et-mentalisme-petite-emission-all-massilia-3\/\" title=\"\u00ab\u00a0RACCOON\u00a0\u00bb ET MENTALISME\u00a0\u00bb petite \u00e9mission All Massilia 3\">\u00ab\u00a0RACCOON\u00a0\u00bb ET MENTALISME\u00a0\u00bb petite \u00e9mission All Massilia 3<\/a><\/h3>\n\t\t\t\t\t\t\t\t\t\n\t\t\t\t\t\t\t\t\t\n\t\t\t\t\t\t\t\t\t\t\t\t\t\t\t\t\t\t<\/div>\n\t\t\t\t\t\t\t\t<\/li>\n\t\t\t\t\t\t\t\t\t\t\t\t\t\t\t<li>\n\t\t\t\t\t\t\t\t\t\t\t\t\t\t\t\t\t\t\t\t\t\t\t<div class=\"eae-pl-content-box-wrapper\">\n\n\t\t\t\t\t\t\t\t\t\t\t\t\t\t\t\t\t\t\t<h3 class=\"eae-pl-title\"><a href=\"https:\/\/magicom.biz\/fr\/index.php\/2019\/10\/03\/corde-petite-emission-all-massilia-2\/\" title=\"\u00ab\u00a0CORDE\u00a0\u00bb petite \u00e9mission All-Massilia 2\">\u00ab\u00a0CORDE\u00a0\u00bb petite \u00e9mission All-Massilia 2<\/a><\/h3>\n\t\t\t\t\t\t\t\t\t\n\t\t\t\t\t\t\t\t\t\n\t\t\t\t\t\t\t\t\t\t\t\t\t\t\t\t\t\t<\/div>\n\t\t\t\t\t\t\t\t<\/li>\n\t\t\t\t\t\t\t\t\t\t\t\t\t<\/ul>\n\t\t\t\t\t\t\t\t\t<\/div>\n\t\t\t\t<\/div>\n\t\t\t\t<\/div>\n\t\t\t\t\t\t<\/div>\n\t\t\t\t\t<\/div>\n\t\t<\/div>\n\t\t\t\t\t\t\t\t<\/div>\n\t\t\t\t\t<\/div>\n\t\t<\/section>\n\t\t\t\t\t\t\t\t\t<\/div>\n\t\t\t<\/div>\n\t\t\t\t\t<\/div>\n\t\t","protected":false},"excerpt":{"rendered":"<p>Interview et extraits d&rsquo;exp\u00e9riences de FLASH MENTALISME &#8211; WEB-T\u00c9L\u00c9 Une s\u00e9rie de 6 \u00e9missions web-t\u00e9l\u00e9, sous l\u2019\u00e9gide de Stephan Coudoux (All-Massilia), dont le principe est de faire conna\u00eetre en direct, des lieux d\u2019exception Marseillais avec des Artistes Musiciens invit\u00e9s. \u00a0Le Dr Valentin participe \u00e0 chaque \u00e9mission et r\u00e9alise en \u00ab\u00a0LIVE\u00a0\u00bb des exp\u00e9riences \u00ab\u00a0Mentalistiques \u00bb de [&hellip;]<\/p>\n","protected":false},"author":1,"featured_media":0,"parent":0,"menu_order":0,"comment_status":"closed","ping_status":"closed","template":"","meta":{"ngg_post_thumbnail":0,"footnotes":""},"class_list":["post-202","page","type-page","status-publish","hentry"],"jetpack_sharing_enabled":true,"_links":{"self":[{"href":"https:\/\/magicom.biz\/fr\/index.php\/wp-json\/wp\/v2\/pages\/202","targetHints":{"allow":["GET"]}}],"collection":[{"href":"https:\/\/magicom.biz\/fr\/index.php\/wp-json\/wp\/v2\/pages"}],"about":[{"href":"https:\/\/magicom.biz\/fr\/index.php\/wp-json\/wp\/v2\/types\/page"}],"author":[{"embeddable":true,"href":"https:\/\/magicom.biz\/fr\/index.php\/wp-json\/wp\/v2\/users\/1"}],"replies":[{"embeddable":true,"href":"https:\/\/magicom.biz\/fr\/index.php\/wp-json\/wp\/v2\/comments?post=202"}],"version-history":[{"count":19,"href":"https:\/\/magicom.biz\/fr\/index.php\/wp-json\/wp\/v2\/pages\/202\/revisions"}],"predecessor-version":[{"id":1211,"href":"https:\/\/magicom.biz\/fr\/index.php\/wp-json\/wp\/v2\/pages\/202\/revisions\/1211"}],"wp:attachment":[{"href":"https:\/\/magicom.biz\/fr\/index.php\/wp-json\/wp\/v2\/media?parent=202"}],"curies":[{"name":"wp","href":"https:\/\/api.w.org\/{rel}","templated":true}]}}