{"id":199,"date":"2019-10-03T10:06:49","date_gmt":"2019-10-03T08:06:49","guid":{"rendered":"https:\/\/magicom.biz\/fr\/?page_id=199"},"modified":"2019-10-15T15:57:37","modified_gmt":"2019-10-15T13:57:37","slug":"videos","status":"publish","type":"page","link":"https:\/\/magicom.biz\/fr\/index.php\/videos\/","title":{"rendered":"Vid\u00e9os"},"content":{"rendered":"<p>Cette rubrique regroupe Vid\u00e9os et extraits Vid\u00e9os lors de diff\u00e9rentes situations :<\/p>\n<p>Voir les onglets correspondants sous l&rsquo;onglet Vid\u00e9os :<\/p>\n<p>\u2013 Web TV<\/p>\n<p>\u2013 Caf\u00e9-Th\u00e9\u00e2tre<\/p>\n<p>\u2013 Th\u00e9\u00e2tre<\/p>\n<p>&#8211; \u00c9v\u00e9nementiel<\/p>\n","protected":false},"excerpt":{"rendered":"<p>Cette rubrique regroupe Vid\u00e9os et extraits Vid\u00e9os lors de diff\u00e9rentes situations : Voir les onglets correspondants sous l&rsquo;onglet Vid\u00e9os : \u2013 Web TV \u2013 Caf\u00e9-Th\u00e9\u00e2tre \u2013 Th\u00e9\u00e2tre &#8211; \u00c9v\u00e9nementiel<\/p>\n","protected":false},"author":1,"featured_media":0,"parent":0,"menu_order":0,"comment_status":"closed","ping_status":"closed","template":"","meta":{"ngg_post_thumbnail":0,"footnotes":""},"class_list":["post-199","page","type-page","status-publish","hentry"],"jetpack_sharing_enabled":true,"_links":{"self":[{"href":"https:\/\/magicom.biz\/fr\/index.php\/wp-json\/wp\/v2\/pages\/199","targetHints":{"allow":["GET"]}}],"collection":[{"href":"https:\/\/magicom.biz\/fr\/index.php\/wp-json\/wp\/v2\/pages"}],"about":[{"href":"https:\/\/magicom.biz\/fr\/index.php\/wp-json\/wp\/v2\/types\/page"}],"author":[{"embeddable":true,"href":"https:\/\/magicom.biz\/fr\/index.php\/wp-json\/wp\/v2\/users\/1"}],"replies":[{"embeddable":true,"href":"https:\/\/magicom.biz\/fr\/index.php\/wp-json\/wp\/v2\/comments?post=199"}],"version-history":[{"count":6,"href":"https:\/\/magicom.biz\/fr\/index.php\/wp-json\/wp\/v2\/pages\/199\/revisions"}],"predecessor-version":[{"id":914,"href":"https:\/\/magicom.biz\/fr\/index.php\/wp-json\/wp\/v2\/pages\/199\/revisions\/914"}],"wp:attachment":[{"href":"https:\/\/magicom.biz\/fr\/index.php\/wp-json\/wp\/v2\/media?parent=199"}],"curies":[{"name":"wp","href":"https:\/\/api.w.org\/{rel}","templated":true}]}}