{"id":187,"date":"2019-10-03T09:55:18","date_gmt":"2019-10-03T07:55:18","guid":{"rendered":"https:\/\/magicom.biz\/fr\/?page_id=187"},"modified":"2019-10-15T16:26:30","modified_gmt":"2019-10-15T14:26:30","slug":"dr-valentin","status":"publish","type":"page","link":"https:\/\/magicom.biz\/fr\/index.php\/dr-valentin\/","title":{"rendered":"Dr Valentin"},"content":{"rendered":"<p><strong>Dr Valentin<br \/>\nMagicien Mentaliste<\/strong><\/p>\n<p>1er Prix Cartomagie France 77, 78<br \/>\n1er Prix Close-up Montr\u00e9al 86<br \/>\nGrand Prix Canadien (Magic Tom Auburn) 86<\/p>\n<p><strong>&nbsp;06 84 75 97 22<\/strong><br \/>\nvalentin@magicom.biz<br \/>\nvalentin.magic@gmail.com<\/p>\n<p><img loading=\"lazy\" decoding=\"async\" class=\" wp-image-628 alignleft\" src=\"https:\/\/magicom.biz\/fr\/wp-content\/uploads\/2019\/10\/show-tout-public-evenementiel-300x224.jpg\" alt=\"\" width=\"397\" height=\"297\" srcset=\"https:\/\/magicom.biz\/fr\/wp-content\/uploads\/2019\/10\/show-tout-public-evenementiel-300x224.jpg 300w, https:\/\/magicom.biz\/fr\/wp-content\/uploads\/2019\/10\/show-tout-public-evenementiel-768x573.jpg 768w, https:\/\/magicom.biz\/fr\/wp-content\/uploads\/2019\/10\/show-tout-public-evenementiel.jpg 904w\" sizes=\"auto, (max-width: 397px) 100vw, 397px\" \/><\/p>\n<p>&#8211; Sp\u00e9cialis\u00e9 dans <strong>l&rsquo;animation Magique \u00c9v\u00e9nementielle <\/strong>Fran\u00e7ais\/Anglais)&nbsp; et le <strong>spectacle Comique, TOUT PUBLIC <\/strong>(Piste et Sc\u00e8ne).<strong><br \/>\n<\/strong><\/p>\n<p>&#8211; Polyvalence lors de diff\u00e9rentes circonstances :<br \/>\nClub Services, Village Club, Croisi\u00e8res, F\u00eates Priv\u00e9es, Mariages, Congr\u00e8s, Inaugurations et \u00c9v\u00e9nements Institutionnels.<\/p>\n<p>&#8211; Interventions : de la M<strong>agie \u00e0 Bout Portant<\/strong> (Close-up, Stand-up) au <strong>spectacle TOUT PUBLIC<\/strong> seul en sc\u00e8ne- <strong>One man Show&nbsp;<\/strong> o\u00f9 un grand nombre de spectateurs enfants et adultes sont partie prenante du spectacle, sur sc\u00e8ne, sous le regard collectif du public.<\/p>\n<p>Ma particularit\u00e9, hormis mes r\u00e9f\u00e9rences magiques (prix nationaux et internationaux), est de personnaliser mes interventions en adaptant le discours et les effets pour chaque situation, avec de la magie de haut niveau int\u00e9gr\u00e9e dans le fil de la com\u00e9die : Magie-communication ou Magic business, avec Show Customis\u00e9 sur vos d\u00e9sirs, vos messages, vos produits&#8230;..<\/p>\n<p>Ceci donne du \u00ab\u00a0sens\u00a0\u00bb \u00e0 mes interventions en plus de l&rsquo;effet ludique&#8230;..<\/p>\n<p><img loading=\"lazy\" decoding=\"async\" class=\"alignleft wp-image-891 \" src=\"https:\/\/magicom.biz\/fr\/wp-content\/uploads\/2019\/10\/Val-et-Grand-chapeau-300x200.jpg\" alt=\"\" width=\"393\" height=\"262\" srcset=\"https:\/\/magicom.biz\/fr\/wp-content\/uploads\/2019\/10\/Val-et-Grand-chapeau-300x200.jpg 300w, https:\/\/magicom.biz\/fr\/wp-content\/uploads\/2019\/10\/Val-et-Grand-chapeau-768x512.jpg 768w, https:\/\/magicom.biz\/fr\/wp-content\/uploads\/2019\/10\/Val-et-Grand-chapeau.jpg 1000w\" sizes=\"auto, (max-width: 393px) 100vw, 393px\" \/><\/p>\n<p>Mes interventions ont ainsi un fort impact sur le public, en laissant une trace inoubliable ce qui apporte le \u00ab\u00a0PLUS\u00a0\u00bb indispensable que l&rsquo;on souhaite dans tout \u00e9v\u00e9nement ou toute structure, o\u00f9 les aspects ludiques et \u00e9motionnels sont requis.<\/p>\n<p><strong><u>&nbsp;<\/u><\/strong><u><strong>Mots cl\u00e9s<\/strong> <\/u>: Magie, Com\u00e9die, humour, rires, gags, ventriloquie comique, participation d\u2019enfants et d\u2019adultes sur sc\u00e8ne, \u00e9motion, interventions sur sc\u00e8ne ou sur piste (entour\u00e9 du public), int\u00e9rieur ou ext\u00e9rieur.<\/p>\n<p>&nbsp;<\/p>\n<p>Quelques r\u00e9f\u00e9rences :<br \/>\n&#8211; Agences \u00c9V\u00c9NEMENTIELLES (Shows Congr\u00e8s Palais du Pharo, Orange V\u00e9lodrome)<br \/>\n&#8211; Cercle Varois Conf\u00e9rences Internationales (Conf\u00e9rence : \u00ab\u00a0T\u00e9l\u00e9pathie, Mythe ou R\u00e9alit\u00e9?\u00a0\u00bb<br \/>\n&#8211; Sangho Club Djerba-Zarzis (Tunisie) (8 ans cons\u00e9cutifs)<br \/>\n&#8211; Sangho Club Agadir (Maroc)<br \/>\n&#8211; Office Tourisme Valmorel \/ Pierre et Vacances (Savoie, France) (6 ans cons\u00e9cutifs)<br \/>\n&#8211; Rhotary International \/ H\u00f4tel Club Maeva Beach (Tahiti)<br \/>\n&#8211; Hotel club villages du soleil (Montgen\u00e8vre, Orsi\u00e8res 1850, Karellis, France)<br \/>\n&#8211; Croisi\u00e8res Paquet (Transat Guadeloupe-Cara\u00efbes ; Croisi\u00e8re S\u00e9n\u00e9gal)<br \/>\n&#8211; Station Valmorel et Doucy (Savoie)<br \/>\n&#8211; Conf\u00e9rence Magie pour professionnels<\/p>\n<div class=\"su-image-carousel  su-image-carousel-columns-3 su-image-carousel-has-spacing su-image-carousel-crop su-image-carousel-crop-4-3 su-image-carousel-has-outline su-image-carousel-adaptive su-image-carousel-slides-style-photo su-image-carousel-controls-style-dark su-image-carousel-align-none\" style=\"max-width:800px\" data-flickity-options='{\"groupCells\":true,\"cellSelector\":\".su-image-carousel-item\",\"adaptiveHeight\":false,\"cellAlign\":\"left\",\"prevNextButtons\":true,\"pageDots\":true,\"autoPlay\":3000,\"imagesLoaded\":true,\"contain\":true,\"selectedAttraction\":0.025,\"friction\":0.28}' id=\"su_image_carousel_69e213e7b6eaf\"><div class=\"su-image-carousel-item\"><div class=\"su-image-carousel-item-content\"><img loading=\"lazy\" decoding=\"async\" width=\"1024\" height=\"709\" src=\"https:\/\/magicom.biz\/fr\/wp-content\/uploads\/2019\/10\/VALENTIN-ACCUEIL-1024x709.jpg\" class=\"\" alt=\"\" srcset=\"https:\/\/magicom.biz\/fr\/wp-content\/uploads\/2019\/10\/VALENTIN-ACCUEIL-1024x709.jpg 1024w, https:\/\/magicom.biz\/fr\/wp-content\/uploads\/2019\/10\/VALENTIN-ACCUEIL-300x208.jpg 300w, https:\/\/magicom.biz\/fr\/wp-content\/uploads\/2019\/10\/VALENTIN-ACCUEIL-768x531.jpg 768w, https:\/\/magicom.biz\/fr\/wp-content\/uploads\/2019\/10\/VALENTIN-ACCUEIL.jpg 1500w\" sizes=\"auto, (max-width: 1024px) 100vw, 1024px\" \/><\/div><\/div><div class=\"su-image-carousel-item\"><div class=\"su-image-carousel-item-content\"><img loading=\"lazy\" decoding=\"async\" width=\"1024\" height=\"768\" src=\"https:\/\/magicom.biz\/fr\/wp-content\/uploads\/2019\/10\/VAL-CLOSE-UP-DSCF5410-1024x768.jpg\" class=\"\" alt=\"\" srcset=\"https:\/\/magicom.biz\/fr\/wp-content\/uploads\/2019\/10\/VAL-CLOSE-UP-DSCF5410-1024x768.jpg 1024w, https:\/\/magicom.biz\/fr\/wp-content\/uploads\/2019\/10\/VAL-CLOSE-UP-DSCF5410-300x225.jpg 300w, https:\/\/magicom.biz\/fr\/wp-content\/uploads\/2019\/10\/VAL-CLOSE-UP-DSCF5410-768x576.jpg 768w\" sizes=\"auto, (max-width: 1024px) 100vw, 1024px\" \/><\/div><\/div><div class=\"su-image-carousel-item\"><div class=\"su-image-carousel-item-content\"><img loading=\"lazy\" decoding=\"async\" width=\"1024\" height=\"768\" src=\"https:\/\/magicom.biz\/fr\/wp-content\/uploads\/2019\/10\/VAL-CLOSE-UP-DSCF5412-1024x768.jpg\" class=\"\" alt=\"\" srcset=\"https:\/\/magicom.biz\/fr\/wp-content\/uploads\/2019\/10\/VAL-CLOSE-UP-DSCF5412-1024x768.jpg 1024w, https:\/\/magicom.biz\/fr\/wp-content\/uploads\/2019\/10\/VAL-CLOSE-UP-DSCF5412-300x225.jpg 300w, https:\/\/magicom.biz\/fr\/wp-content\/uploads\/2019\/10\/VAL-CLOSE-UP-DSCF5412-768x576.jpg 768w\" sizes=\"auto, (max-width: 1024px) 100vw, 1024px\" \/><\/div><\/div><\/div><script id=\"su_image_carousel_69e213e7b6eaf_script\">if(window.SUImageCarousel){setTimeout(function() {window.SUImageCarousel.initGallery(document.getElementById(\"su_image_carousel_69e213e7b6eaf\"))}, 0);}var su_image_carousel_69e213e7b6eaf_script=document.getElementById(\"su_image_carousel_69e213e7b6eaf_script\");if(su_image_carousel_69e213e7b6eaf_script){su_image_carousel_69e213e7b6eaf_script.parentNode.removeChild(su_image_carousel_69e213e7b6eaf_script);}<\/script>\n<p style=\"text-align: center;\">&nbsp;<\/p>\n<ul>\n<li><strong>Plusieurs prix Magiques<\/strong> Nationaux et Internationaux,<\/li>\n<li><strong>Formateur des \u00ab&nbsp;Brigades Magiques&nbsp;\u00bb<\/strong> pour Marseille 2013, Capitale de la Culture, sous l\u2019\u00e9gide du Th\u00e9\u00e2tre du Merlan, Sc\u00e8ne Nationale<\/li>\n<li><strong>Cr\u00e9ateur de la compagnie \u00ab&nbsp;MAGICOM&nbsp;\u00bb<\/strong><\/li>\n<li><strong>Cr\u00e9ateur de la Compagnie \u00ab&nbsp;Les Chapeaux Claques&nbsp;\u00bb <\/strong>(leschapeauxclaques.com)<\/li>\n<\/ul>\n<p><strong>&nbsp;<\/strong><strong>Mots cl\u00e9s : Spectacles Magiques TOUT PUBLIC et SHOWS Th\u00e9matiques<br \/>\n<\/strong>Magie-Comique, Magie-Com\u00e9die, Magie-Communication, Ventriloquie, Mentalisme<\/p>\n<p><strong>&nbsp;<\/strong><strong>Enseignant et Performer&nbsp; &#8211;<\/strong> Close-up, Stand-up, Sc\u00e8ne<\/p>\n<p><strong>One man Shows :&nbsp;<\/strong> \u00ab\u00a0Valentin Magic Chaud\u00a0\u00bb ; T\u00e9l\u00e9patik ;\u00a0\u00bbOne Mind Show\u00a0\u00bb<strong><br \/>\n<\/strong><\/p>\n<p><strong> Com\u00e9dies Magiques Ludiques : <\/strong>\u00ab\u00a0L&rsquo;\u00e9pop\u00e9e Magique des Apprentis Magiciens\u00a0\u00bb ; \u00ab\u00a0Magic Chaud\u00a0\u00bb<strong><br \/>\n<\/strong><\/p>\n<p><strong>&nbsp;<\/strong><strong>Cr\u00e9ation de Show customis\u00e9 th\u00e9matique <\/strong>(voir onglet Accueil-MAGICOM)<strong>.<\/strong><\/p>\n<p><strong>La Magie, passionnant outil de communication<br \/>\n<\/strong>\u00ab&nbsp;De la Magie jaillissent les \u00e9motions positives, le rire, le r\u00eave, l\u2019\u00e9tonnement.<br \/>\nAu travers de la Magie, l\u2019\u00c2ME AGIT&nbsp;\u00bb<\/p>\n","protected":false},"excerpt":{"rendered":"<p>Dr Valentin Magicien Mentaliste 1er Prix Cartomagie France 77, 78 1er Prix Close-up Montr\u00e9al 86 Grand Prix Canadien (Magic Tom Auburn) 86 &nbsp;06 84 75 97 22 valentin@magicom.biz valentin.magic@gmail.com &#8211; Sp\u00e9cialis\u00e9 dans l&rsquo;animation Magique \u00c9v\u00e9nementielle Fran\u00e7ais\/Anglais)&nbsp; et le spectacle Comique, TOUT PUBLIC (Piste et Sc\u00e8ne). &#8211; Polyvalence lors de diff\u00e9rentes circonstances : Club Services, Village [&hellip;]<\/p>\n","protected":false},"author":1,"featured_media":0,"parent":0,"menu_order":0,"comment_status":"closed","ping_status":"closed","template":"","meta":{"ngg_post_thumbnail":0,"footnotes":""},"class_list":["post-187","page","type-page","status-publish","hentry"],"jetpack_sharing_enabled":true,"_links":{"self":[{"href":"https:\/\/magicom.biz\/fr\/index.php\/wp-json\/wp\/v2\/pages\/187","targetHints":{"allow":["GET"]}}],"collection":[{"href":"https:\/\/magicom.biz\/fr\/index.php\/wp-json\/wp\/v2\/pages"}],"about":[{"href":"https:\/\/magicom.biz\/fr\/index.php\/wp-json\/wp\/v2\/types\/page"}],"author":[{"embeddable":true,"href":"https:\/\/magicom.biz\/fr\/index.php\/wp-json\/wp\/v2\/users\/1"}],"replies":[{"embeddable":true,"href":"https:\/\/magicom.biz\/fr\/index.php\/wp-json\/wp\/v2\/comments?post=187"}],"version-history":[{"count":39,"href":"https:\/\/magicom.biz\/fr\/index.php\/wp-json\/wp\/v2\/pages\/187\/revisions"}],"predecessor-version":[{"id":933,"href":"https:\/\/magicom.biz\/fr\/index.php\/wp-json\/wp\/v2\/pages\/187\/revisions\/933"}],"wp:attachment":[{"href":"https:\/\/magicom.biz\/fr\/index.php\/wp-json\/wp\/v2\/media?parent=187"}],"curies":[{"name":"wp","href":"https:\/\/api.w.org\/{rel}","templated":true}]}}