{"id":184,"date":"2019-10-03T09:54:40","date_gmt":"2019-10-03T07:54:40","guid":{"rendered":"https:\/\/magicom.biz\/fr\/?page_id=184"},"modified":"2019-10-15T15:42:01","modified_gmt":"2019-10-15T13:42:01","slug":"magicom","status":"publish","type":"page","link":"https:\/\/magicom.biz\/fr\/index.php\/magicom\/","title":{"rendered":"MAGICOM"},"content":{"rendered":"<p style=\"text-align: center;\"><span style=\"font-size: 12pt;\"><strong>MAGICOM <\/strong>permet d\u2019associer et de coordonner diff\u00e9rents intervenants<\/span><br \/>\n<span style=\"font-size: 12pt;\">&#8211;<strong>Magiciens-Magicienne, Mentalistes, Musiciens- <\/strong><\/span><br \/>\n<span style=\"font-size: 12pt;\">lorsque les circonstances \u00e9v\u00e9nementielles n\u00e9cessitent<br \/>\nun <strong>\u00abPANEL\u00bb d\u2019Artistes<br \/>\nlors de <\/strong><\/span><span style=\"font-size: 12pt;\"><strong>Mariage, Salon, Congr\u00e8s<\/strong><\/span><\/p>\n<p style=\"text-align: center;\"><strong><span style=\"font-size: 14pt;\"><img loading=\"lazy\" decoding=\"async\" class=\" wp-image-434 alignleft\" src=\"https:\/\/magicom.biz\/fr\/wp-content\/uploads\/2019\/10\/VOS-MESSAGES-IMAGES-4-300x208.jpg\" alt=\"\" width=\"406\" height=\"281\" srcset=\"https:\/\/magicom.biz\/fr\/wp-content\/uploads\/2019\/10\/VOS-MESSAGES-IMAGES-4-300x208.jpg 300w, https:\/\/magicom.biz\/fr\/wp-content\/uploads\/2019\/10\/VOS-MESSAGES-IMAGES-4-768x531.jpg 768w, https:\/\/magicom.biz\/fr\/wp-content\/uploads\/2019\/10\/VOS-MESSAGES-IMAGES-4-1024x709.jpg 1024w, https:\/\/magicom.biz\/fr\/wp-content\/uploads\/2019\/10\/VOS-MESSAGES-IMAGES-4.jpg 1500w\" sizes=\"auto, (max-width: 406px) 100vw, 406px\" \/>D<span style=\"font-size: 12pt;\">ans le cadre d&rsquo;interventions \u00ab\u00a0customis\u00e9es th\u00e9matiques\u00a0\u00bb,<\/span><\/span><\/strong><br \/>\n<span style=\"font-size: 12pt;\"><strong>la sp\u00e9cialit\u00e9 des intervenants MAGICOM est d&rsquo;utiliser<br \/>\nl\u2019ART Magique,<br \/>\nle Verbe et le Gestuel<\/strong><\/span><br \/>\n<strong><span style=\"font-size: 14pt;\"><span style=\"font-size: 12pt;\"> comme un outil<br \/>\nde communication<br \/>\net de faire savoir.<\/span><br \/>\n<\/span><\/strong>&nbsp;&nbsp;&nbsp;&nbsp;&nbsp;&nbsp;&nbsp;&nbsp;&nbsp;&nbsp;&nbsp; <span style=\"font-size: 12pt;\">Le principe est d&rsquo;utiliser des objets usuels (cordes, cartes, foulards, montres, bagues&#8230;) ou cibl\u00e9s sur la manifestation (catalogue, cartes de visites, prospects&#8230;.), de les identifier \u00e0 un concept professionnel familier du public et de s&rsquo;en servir pour r\u00e9aliser des effets magiques et bizarres. Effets visuels, bien s\u00fbr, pr\u00e9sent\u00e9s avec une formulation verbale totalement adapt\u00e9e \u00e0 l&rsquo;\u00e9v\u00e9nement, et ce avec des objectifs pr\u00e9alablement d\u00e9finis.<br \/>\nPar exemple, dans le domaine financier, l&rsquo;utilisation d&rsquo;une corde souple permettra d&rsquo;illustrer<em> \u00ab\u00a0un fac-simil\u00e9\u00a0\u00bb<\/em> des <em>\u00ab\u00a0fluctuations du cours de la bourse\u00a0\u00bb<\/em> et tout ce qui arrivera ensuite, de tr\u00e8s pr\u00e8s, sous les yeux des \u00ab\u00a0spectateurs\u00a0\u00bb sera interpr\u00e9t\u00e9 en terme financiers (la coupure de la corde en deux&nbsp; symbolisera <em>\u00ab\u00a0un doublement des b\u00e9n\u00e9fices\u00a0\u00bb<\/em> et une restauration de la corde signifiera <em>\u00ab\u00a0la garantie totale des investissements, le maintien du portefeuille\u00a0\u00bb <\/em>&#8230;..).<\/span><\/p>\n<p><strong><span style=\"font-size: 12pt;\">Par ce principe de \u00ab\u00a0correspondance\u00a0\u00bb, une identification totale de l&rsquo;objet utilis\u00e9 (a priori anodin) \u00e0 la source d&rsquo;int\u00e9r\u00eat des auditeurs permet d&rsquo;attirer l&rsquo;attention et de rendre r\u00e9ceptifs.<\/span><\/strong><\/p>\n<p><span style=\"font-size: 12pt;\">L&rsquo;intervenant r\u00e9alise ainsi un \u00ab\u00a0tableau th\u00e9matique \u00a0\u00bb o\u00f9 le public est n\u00e9cessairement <strong>interpell\u00e9<\/strong>, puisque l&rsquo;intervenant traite de ses p\u00f4les d&rsquo;int\u00e9r\u00eats, puis <strong>d\u00e9tendu et amus\u00e9<\/strong>, car le tableau se termine toujours par un <strong>\u00ab\u00a0climax\u00a0\u00bb magique fort<\/strong> (effet final) et que la signification terminale a toujours une <strong>connotation positive<\/strong> valorisant commanditaire et client de la prestation.<\/span><\/p>\n","protected":false},"excerpt":{"rendered":"<p>MAGICOM permet d\u2019associer et de coordonner diff\u00e9rents intervenants &#8211;Magiciens-Magicienne, Mentalistes, Musiciens- lorsque les circonstances \u00e9v\u00e9nementielles n\u00e9cessitent un \u00abPANEL\u00bb d\u2019Artistes lors de Mariage, Salon, Congr\u00e8s Dans le cadre d&rsquo;interventions \u00ab\u00a0customis\u00e9es th\u00e9matiques\u00a0\u00bb, la sp\u00e9cialit\u00e9 des intervenants MAGICOM est d&rsquo;utiliser l\u2019ART Magique, le Verbe et le Gestuel comme un outil de communication et de faire savoir. &nbsp;&nbsp;&nbsp;&nbsp;&nbsp;&nbsp;&nbsp;&nbsp;&nbsp;&nbsp;&nbsp; Le [&hellip;]<\/p>\n","protected":false},"author":1,"featured_media":0,"parent":0,"menu_order":0,"comment_status":"closed","ping_status":"closed","template":"","meta":{"ngg_post_thumbnail":0,"footnotes":""},"class_list":["post-184","page","type-page","status-publish","hentry"],"jetpack_sharing_enabled":true,"_links":{"self":[{"href":"https:\/\/magicom.biz\/fr\/index.php\/wp-json\/wp\/v2\/pages\/184","targetHints":{"allow":["GET"]}}],"collection":[{"href":"https:\/\/magicom.biz\/fr\/index.php\/wp-json\/wp\/v2\/pages"}],"about":[{"href":"https:\/\/magicom.biz\/fr\/index.php\/wp-json\/wp\/v2\/types\/page"}],"author":[{"embeddable":true,"href":"https:\/\/magicom.biz\/fr\/index.php\/wp-json\/wp\/v2\/users\/1"}],"replies":[{"embeddable":true,"href":"https:\/\/magicom.biz\/fr\/index.php\/wp-json\/wp\/v2\/comments?post=184"}],"version-history":[{"count":18,"href":"https:\/\/magicom.biz\/fr\/index.php\/wp-json\/wp\/v2\/pages\/184\/revisions"}],"predecessor-version":[{"id":910,"href":"https:\/\/magicom.biz\/fr\/index.php\/wp-json\/wp\/v2\/pages\/184\/revisions\/910"}],"wp:attachment":[{"href":"https:\/\/magicom.biz\/fr\/index.php\/wp-json\/wp\/v2\/media?parent=184"}],"curies":[{"name":"wp","href":"https:\/\/api.w.org\/{rel}","templated":true}]}}