{"id":181,"date":"2019-10-03T09:53:49","date_gmt":"2019-10-03T07:53:49","guid":{"rendered":"https:\/\/magicom.biz\/fr\/?page_id=181"},"modified":"2025-08-22T13:35:20","modified_gmt":"2025-08-22T11:35:20","slug":"accueil","status":"publish","type":"page","link":"https:\/\/magicom.biz\/fr\/","title":{"rendered":"Accueil"},"content":{"rendered":"<p><strong><img loading=\"lazy\" decoding=\"async\" class=\"alignnone wp-image-320 alignleft\" src=\"https:\/\/magicom.biz\/fr\/wp-content\/uploads\/2019\/10\/face-Val-encadre\u0301-300x208.jpg\" alt=\"\" width=\"348\" height=\"241\" srcset=\"https:\/\/magicom.biz\/fr\/wp-content\/uploads\/2019\/10\/face-Val-encadre\u0301-300x208.jpg 300w, https:\/\/magicom.biz\/fr\/wp-content\/uploads\/2019\/10\/face-Val-encadre\u0301-768x531.jpg 768w, https:\/\/magicom.biz\/fr\/wp-content\/uploads\/2019\/10\/face-Val-encadre\u0301-1024x709.jpg 1024w, https:\/\/magicom.biz\/fr\/wp-content\/uploads\/2019\/10\/face-Val-encadre\u0301.jpg 1500w\" sizes=\"auto, (max-width: 348px) 100vw, 348px\" \/><br \/>\nHELLO, je suis le Dr Valentin,<br \/>\n<\/strong><strong> Magicien-Mentaliste ; Docteur en Neurosciences<\/strong><\/p>\n<p><strong>Pour visualiser certaines de mes <a href=\"https:\/\/www.youtube.com\/@valentinmagicom1466\/videos\" target=\"_blank\" rel=\"noopener\">VIDEOS<\/a> cliker <a href=\"https:\/\/www.youtube.com\/@valentinmagicom1466\/videos\" target=\"_blank\" rel=\"noopener\">ici<\/a> :<\/strong><br \/>\n<strong>Aller sur YOUTUBE et entrer mot cl\u00e9 de recherche : Dr Valentin Magicom<\/strong><br \/>\n<strong>Vous y trouverez environ 40 VIDEOS d&rsquo;extraits de spectacles<br \/>\n<\/strong><strong> en diff\u00e9rentes circonstances :<br \/>\nCaf\u00e9-Th\u00e9\u00e2tre, Th\u00e9\u00e2tre, \u00e9mission TV et Web-T\u00e9l\u00e9.<br \/>\nCertaines de ces vid\u00e9os sont dans l&rsquo;onglet VIDEOS, ci-dessus<\/strong><\/p>\n<p><strong><span style=\"font-size: 14pt;\">Contact Dr Valentin : <span style=\"font-size: 24pt;\">06 84 75 97 22<\/span><\/span><\/strong><br \/>\n<strong><span style=\"font-size: 14pt;\">valentin@magicom.biz<\/span><\/strong><br \/>\n<strong><span style=\"font-size: 14pt;\">valentin.magic@gmail.com<\/span><\/strong><\/p>\n<p><iframe loading=\"lazy\" title=\"YouTube video player\" src=\"https:\/\/www.youtube.com\/embed\/Zw71_OTR7ck?si=M3wkVrhPMvSNTqkj\" width=\"560\" height=\"315\" frameborder=\"0\" allowfullscreen=\"allowfullscreen\"><\/iframe><\/p>\n<p><iframe loading=\"lazy\" title=\"YouTube video player\" src=\"https:\/\/www.youtube.com\/embed\/spbNWxHE7vw?si=ueQcYP5ezc50iJ6r\" width=\"560\" height=\"315\" frameborder=\"0\" allowfullscreen=\"allowfullscreen\"><\/iframe><\/p>\n<p>&nbsp;<\/p>\n<p>&nbsp;<iframe loading=\"lazy\" title=\"YouTube video player\" src=\"https:\/\/www.youtube.com\/embed\/ZCRF6kay0i4\" width=\"560\" height=\"315\" frameborder=\"0\" allowfullscreen=\"allowfullscreen\"><\/iframe><\/p>\n<p>&nbsp;<\/p>\n<p>&nbsp;<\/p>\n<p>&nbsp;<iframe loading=\"lazy\" title=\"YouTube video player\" src=\"https:\/\/www.youtube.com\/embed\/yQKERAMHb2M\" width=\"560\" height=\"315\" frameborder=\"0\" allowfullscreen=\"allowfullscreen\"><\/iframe><\/p>\n<p>&nbsp;<\/p>\n<p><img loading=\"lazy\" decoding=\"async\" class=\"wp-image-236 alignleft\" src=\"https:\/\/magicom.biz\/fr\/wp-content\/uploads\/2019\/10\/xBandeau-Valentin-768x576-300x132.jpg\" alt=\"\" width=\"553\" height=\"243\" srcset=\"https:\/\/magicom.biz\/fr\/wp-content\/uploads\/2019\/10\/xBandeau-Valentin-768x576-300x132.jpg 300w, https:\/\/magicom.biz\/fr\/wp-content\/uploads\/2019\/10\/xBandeau-Valentin-768x576.jpg 766w\" sizes=\"auto, (max-width: 553px) 100vw, 553px\" \/><\/p>\n<p style=\"text-align: left;\"><span style=\"font-size: 14pt;\"><strong><br \/>\nUNE ANIMATION MAGIQUE<br \/>\n<\/strong><strong>pour tous vos \u00e9v\u00e9nements<\/strong><\/span><br \/>\n<span style=\"font-size: 14pt;\"><strong>&#8211; Show Comic Tout public<\/strong><\/span><br \/>\n<span style=\"font-size: 14pt;\">&nbsp;&nbsp;&nbsp;&nbsp;&nbsp;&nbsp;&nbsp;&nbsp;&nbsp;&nbsp;&nbsp;&nbsp;&nbsp;&nbsp;&nbsp;&nbsp;&nbsp;&nbsp;&nbsp; \u00e0 la<\/span><br \/>\n<span style=\"font-size: 14pt;\"><strong>&#8211; Prestation \u00c9v\u00e9nementielle :<br \/>\n&nbsp;&nbsp;&nbsp;&nbsp;&nbsp;&nbsp;&nbsp;&nbsp;&nbsp;&nbsp; <span style=\"font-size: 12pt;\">&#8211; Close-up<\/span><br \/>\n<span style=\"font-size: 12pt;\">&nbsp;&nbsp;&nbsp;&nbsp;&nbsp;&nbsp;&nbsp;&nbsp;&nbsp;&nbsp;&nbsp; &#8211; Parlor Magic<\/span><br \/>\n<span style=\"font-size: 12pt;\">&nbsp;&nbsp;&nbsp;&nbsp;&nbsp;&nbsp;&nbsp;&nbsp;&nbsp;&nbsp;&nbsp; &#8211; Show customis\u00e9<\/span><br \/>\n<\/strong><\/span><\/p>\n<p>&nbsp;<\/p>\n<p>&nbsp;&nbsp;&nbsp;&nbsp;<\/p>\n<p style=\"text-align: center;\">Plaquettes-Flyers disponibles en t\u00e9l\u00e9chargement (<a href=\"https:\/\/magicom.biz\/fr\/wp-content\/uploads\/2019\/10\/Flyer-Dr-Valentin.pdf\" target=\"_blank\" rel=\"noopener noreferrer\">click ici sur lien<\/a>)<\/p>\n<p style=\"text-align: center;\">MAGIE-MENTALISME FLYER<\/p>\n<p><img loading=\"lazy\" decoding=\"async\" class=\"wp-image-223 alignleft\" src=\"https:\/\/magicom.biz\/fr\/wp-content\/uploads\/2019\/10\/Dr-VALENTIN-Plaquette-MENTALISME1-300x208.jpeg\" alt=\"\" width=\"334\" height=\"231\" srcset=\"https:\/\/magicom.biz\/fr\/wp-content\/uploads\/2019\/10\/Dr-VALENTIN-Plaquette-MENTALISME1-300x208.jpeg 300w, https:\/\/magicom.biz\/fr\/wp-content\/uploads\/2019\/10\/Dr-VALENTIN-Plaquette-MENTALISME1-768x532.jpeg 768w, https:\/\/magicom.biz\/fr\/wp-content\/uploads\/2019\/10\/Dr-VALENTIN-Plaquette-MENTALISME1-1024x709.jpeg 1024w, https:\/\/magicom.biz\/fr\/wp-content\/uploads\/2019\/10\/Dr-VALENTIN-Plaquette-MENTALISME1.jpeg 1557w\" sizes=\"auto, (max-width: 334px) 100vw, 334px\" \/><\/p>\n<p><img loading=\"lazy\" decoding=\"async\" class=\"wp-image-224 alignleft\" src=\"https:\/\/magicom.biz\/fr\/wp-content\/uploads\/2019\/10\/Dr-VALENTIN-Plaquette-MENTALISME2--300x208.jpeg\" alt=\"\" width=\"329\" height=\"228\" srcset=\"https:\/\/magicom.biz\/fr\/wp-content\/uploads\/2019\/10\/Dr-VALENTIN-Plaquette-MENTALISME2--300x208.jpeg 300w, https:\/\/magicom.biz\/fr\/wp-content\/uploads\/2019\/10\/Dr-VALENTIN-Plaquette-MENTALISME2--768x532.jpeg 768w, https:\/\/magicom.biz\/fr\/wp-content\/uploads\/2019\/10\/Dr-VALENTIN-Plaquette-MENTALISME2--1024x709.jpeg 1024w, https:\/\/magicom.biz\/fr\/wp-content\/uploads\/2019\/10\/Dr-VALENTIN-Plaquette-MENTALISME2-.jpeg 1557w\" sizes=\"auto, (max-width: 329px) 100vw, 329px\" \/><\/p>\n<p>&nbsp;<\/p>\n<p>&nbsp;<\/p>\n<p>&nbsp;<\/p>\n<p>&nbsp;<\/p>\n<p>&nbsp;<\/p>\n<p>&nbsp;<\/p>\n<p>&nbsp;<\/p>\n<p>&nbsp;<\/p>\n<p>&nbsp;<\/p>\n<p>La Magie&#8230;.<br \/>\nBien plus qu&rsquo;un outil ludique<br \/>\nR\u00e9veillant R\u00eave et Comique,<br \/>\nUn outil de communication<br \/>\nPour toucher les passions,<br \/>\nAller dans l&rsquo;\u00e9motion<br \/>\n\u00c9mouvoir notre \u00c2me, au fond.<br \/>\nCar &#8230;dans la Magie&#8230;<br \/>\nL&rsquo;\u00c2me agit&#8230;&#8230;&#8230;..<\/p>\n<p>&nbsp;<\/p>\n<p>&nbsp;<\/p>\n","protected":false},"excerpt":{"rendered":"<p>HELLO, je suis le Dr Valentin, Magicien-Mentaliste ; Docteur en Neurosciences Pour visualiser certaines de mes VIDEOS cliker ici : Aller sur YOUTUBE et entrer mot cl\u00e9 de recherche : Dr Valentin Magicom Vous y trouverez environ 40 VIDEOS d&rsquo;extraits de spectacles en diff\u00e9rentes circonstances : Caf\u00e9-Th\u00e9\u00e2tre, Th\u00e9\u00e2tre, \u00e9mission TV et Web-T\u00e9l\u00e9. Certaines de ces [&hellip;]<\/p>\n","protected":false},"author":1,"featured_media":0,"parent":0,"menu_order":0,"comment_status":"closed","ping_status":"closed","template":"","meta":{"ngg_post_thumbnail":0,"footnotes":""},"class_list":["post-181","page","type-page","status-publish","hentry"],"jetpack_sharing_enabled":true,"_links":{"self":[{"href":"https:\/\/magicom.biz\/fr\/index.php\/wp-json\/wp\/v2\/pages\/181","targetHints":{"allow":["GET"]}}],"collection":[{"href":"https:\/\/magicom.biz\/fr\/index.php\/wp-json\/wp\/v2\/pages"}],"about":[{"href":"https:\/\/magicom.biz\/fr\/index.php\/wp-json\/wp\/v2\/types\/page"}],"author":[{"embeddable":true,"href":"https:\/\/magicom.biz\/fr\/index.php\/wp-json\/wp\/v2\/users\/1"}],"replies":[{"embeddable":true,"href":"https:\/\/magicom.biz\/fr\/index.php\/wp-json\/wp\/v2\/comments?post=181"}],"version-history":[{"count":52,"href":"https:\/\/magicom.biz\/fr\/index.php\/wp-json\/wp\/v2\/pages\/181\/revisions"}],"predecessor-version":[{"id":1238,"href":"https:\/\/magicom.biz\/fr\/index.php\/wp-json\/wp\/v2\/pages\/181\/revisions\/1238"}],"wp:attachment":[{"href":"https:\/\/magicom.biz\/fr\/index.php\/wp-json\/wp\/v2\/media?parent=181"}],"curies":[{"name":"wp","href":"https:\/\/api.w.org\/{rel}","templated":true}]}}